{"id":1086,"date":"2019-02-05T12:54:15","date_gmt":"2019-02-05T11:54:15","guid":{"rendered":"https:\/\/www.gemarefigli.it\/produits\/"},"modified":"2019-02-05T14:03:23","modified_gmt":"2019-02-05T13:03:23","slug":"produits","status":"publish","type":"page","link":"https:\/\/www.gemarefigli.it\/fr\/produits\/","title":{"rendered":"Produits"},"content":{"rendered":"<section class=\"wpb-content-wrapper\"><p>[vc_row css=\u00a0\u00bb.vc_custom_1535643346862{margin-top: 20px !important;margin-bottom: 20px !important;}\u00a0\u00bb][vc_column][vc_row_inner css=\u00a0\u00bb.vc_custom_1539004939103{margin-bottom: -25px !important;}\u00a0\u00bb][vc_column_inner width=\u00a0\u00bb1\/6&Prime;][\/vc_column_inner][vc_column_inner width=\u00a0\u00bb2\/3&Prime;][vc_column_text]<\/p>\n<h1 style=\"text-align: center;\">Nos produits<\/h1>\n<p style=\"text-align: center;\">Gemar &amp; Figli est aujourd&rsquo;hui une entreprise importante qui exerce ses activit\u00e9s dans <strong>le commerce de gros de v\u00eatements usag\u00e9s \u00e0 Prato<\/strong> et exporte ses produits dans de nombreux pays du monde.<\/p>\n<p>[\/vc_column_text][\/vc_column_inner][vc_column_inner width=\u00a0\u00bb1\/6&Prime;][\/vc_column_inner][\/vc_row_inner][vc_row_inner][vc_column_inner width=\u00a0\u00bb1\/4&Prime;][vc_hoverbox image=\u00a0\u00bb416&Prime; primary_title=\u00a0\u00bb\u00a0\u00bb hover_title=\u00a0\u00bbV\u00eatements de qualit\u00e9 extra\u00a0\u00bb hover_btn_title=\u00a0\u00bb Trouve plus d&rsquo;info\u00a0\u00bb hover_btn_color=\u00a0\u00bbinfo\u00a0\u00bb hover_btn_align=\u00a0\u00bbcenter\u00a0\u00bb hover_add_button=\u00a0\u00bbtrue\u00a0\u00bb hover_btn_link=\u00a0\u00bburl:http%3A%2F%2Fgemarefigli.it%2Findumenti-usati-qualita-extra%2F|\u00a0\u00bb]<\/p>\n<p style=\"text-align: center;\">Par <strong>v\u00eatements d&rsquo;occasion<\/strong> de qualit\u00e9 sup\u00e9rieure, nous entendons tous les <strong>articles de la plus haute qualit\u00e9<\/strong> issus du tri des v\u00eatements usag\u00e9s.<\/p>\n<p>[\/vc_hoverbox][\/vc_column_inner][vc_column_inner width=\u00a0\u00bb1\/4&Prime;][vc_hoverbox image=\u00a0\u00bb417&Prime; primary_title=\u00a0\u00bb\u00a0\u00bb hover_title=\u00a0\u00bbV\u00eatements de premi\u00e9re qualit\u00e9 extra\u00a0\u00bb hover_btn_title=\u00a0\u00bb Trouve plus d&rsquo;info\u00a0\u00bb hover_btn_color=\u00a0\u00bbinfo\u00a0\u00bb hover_btn_align=\u00a0\u00bbcenter\u00a0\u00bb hover_add_button=\u00a0\u00bbtrue\u00a0\u00bb hover_btn_link=\u00a0\u00bburl:https%3A%2F%2Fwww.gemarefigli.it%2Ffr%2Fvetements-usages-de-premiere-qualite%2F|\u00a0\u00bb]<\/p>\n<p style=\"text-align: center;\">Les <strong>v\u00eatements usag\u00e9s de premi\u00e8re qualit\u00e9<\/strong> sont des v\u00eatements us\u00e9s ayant <strong>un degr\u00e9 d&rsquo;usure minimal<\/strong>.<\/p>\n<p>[\/vc_hoverbox][\/vc_column_inner][vc_column_inner width=\u00a0\u00bb1\/4&Prime;][vc_hoverbox image=\u00a0\u00bb418&Prime; primary_title=\u00a0\u00bb\u00a0\u00bb hover_title=\u00a0\u00bbV\u00eatements de seconde qualit\u00e9\u00a0\u00bb hover_btn_title=\u00a0\u00bb Trouve plus d&rsquo;info\u00a0\u00bb hover_btn_color=\u00a0\u00bbinfo\u00a0\u00bb hover_btn_align=\u00a0\u00bbcenter\u00a0\u00bb hover_add_button=\u00a0\u00bbtrue\u00a0\u00bb hover_btn_link=\u00a0\u00bburl:https%3A%2F%2Fwww.gemarefigli.it%2Ffr%2Fvetements-usages-seconde-qualite%2F|\u00a0\u00bb]<\/p>\n<p style=\"text-align: center;\">Les <strong>v\u00eatements d\u2019occasion de seconde qualit\u00e9<\/strong> sont principalement destin\u00e9s aux <strong>march\u00e9s de l\u2019Afrique et de l\u2019Europe de l\u2019Est<\/strong>.<\/p>\n<p>&nbsp;<\/p>\n<p>[\/vc_hoverbox][\/vc_column_inner][vc_column_inner width=\u00a0\u00bb1\/4&Prime;][vc_hoverbox image=\u00a0\u00bb419&Prime; primary_title=\u00a0\u00bb\u00a0\u00bb hover_title=\u00a0\u00bbChaussures et accessoires utilis\u00e9s\u00a0\u00bb hover_btn_title=\u00a0\u00bb Trouve plus d&rsquo;info\u00a0\u00bb hover_btn_color=\u00a0\u00bbinfo\u00a0\u00bb hover_btn_align=\u00a0\u00bbcenter\u00a0\u00bb hover_add_button=\u00a0\u00bbtrue\u00a0\u00bb hover_btn_link=\u00a0\u00bburl:https%3A%2F%2Fwww.gemarefigli.it%2Ffr%2Fchaussures-et-accessoires%2F|\u00a0\u00bb]<\/p>\n<p style=\"text-align: center;\"><strong>Chaussures et accessoires us\u00e9s soigneusement s\u00e9lectionn\u00e9s<\/strong> par notre personnel. D\u00e9couvrez notre large s\u00e9lection maintenant<\/p>\n<p>[\/vc_hoverbox][\/vc_column_inner][\/vc_row_inner][vc_row_inner][vc_column_inner width=\u00a0\u00bb1\/4&Prime;][\/vc_column_inner][vc_column_inner width=\u00a0\u00bb1\/4&Prime;][vc_hoverbox image=\u00a0\u00bb416&Prime; primary_title=\u00a0\u00bb\u00a0\u00bb hover_title=\u00a0\u00bbArticle destin\u00e9s au Pakistan\u00a0\u00bb hover_btn_title=\u00a0\u00bb Trouve plus d&rsquo;info\u00a0\u00bb hover_btn_color=\u00a0\u00bbinfo\u00a0\u00bb hover_btn_align=\u00a0\u00bbcenter\u00a0\u00bb hover_add_button=\u00a0\u00bbtrue\u00a0\u00bb hover_btn_link=\u00a0\u00bburl:https%3A%2F%2Fwww.gemarefigli.it%2Ffr%2Farticle-destines-au-pakistan%2F|\u00a0\u00bb][\/vc_hoverbox][\/vc_column_inner][vc_column_inner width=\u00a0\u00bb1\/4&Prime;][vc_hoverbox image=\u00a0\u00bb417&Prime; primary_title=\u00a0\u00bb\u00a0\u00bb hover_title=\u00a0\u00bbMati\u00e8res premi\u00e8res\u00a0\u00bb hover_btn_title=\u00a0\u00bb Trouve plus d&rsquo;info\u00a0\u00bb hover_btn_color=\u00a0\u00bbinfo\u00a0\u00bb hover_btn_align=\u00a0\u00bbcenter\u00a0\u00bb hover_add_button=\u00a0\u00bbtrue\u00a0\u00bb hover_btn_link=\u00a0\u00bburl:https%3A%2F%2Fwww.gemarefigli.it%2Ffr%2Fraw-material-de-vetements-uses%2F|\u00a0\u00bb]<br \/>\n<span class=\"tlid-translation translation\" tabindex=\"-1\"><span class=\"\" title=\"\">D\u00e9couvrez toutes les mati\u00e8res premi\u00e8res avec lesquelles nous travaillons!<\/span><\/span><\/p>\n<p>[\/vc_hoverbox][\/vc_column_inner][vc_column_inner width=\u00a0\u00bb1\/4&Prime;][\/vc_column_inner][\/vc_row_inner][vc_row_inner][vc_column_inner][vc_cta h2=\u00a0\u00bbContactez-nous maintenant!\u00a0\u00bb shape=\u00a0\u00bbsquare\u00a0\u00bb style=\u00a0\u00bbflat\u00a0\u00bb color=\u00a0\u00bbturquoise\u00a0\u00bb el_width=\u00a0\u00bbmd\u00a0\u00bb add_button=\u00a0\u00bbright\u00a0\u00bb btn_title=\u00a0\u00bbCliquez ici\u00a0\u00bb btn_color=\u00a0\u00bbturquoise\u00a0\u00bb btn_link=\u00a0\u00bburl:https%3A%2F%2Fgemarefigli.it%2Fpreventivo-per-indumenti-usati%2F|\u00a0\u00bb el_id=\u00a0\u00bbsfondo_call\u00a0\u00bb el_class=\u00a0\u00bbsfondo_call\u00a0\u00bb][\/vc_cta][\/vc_column_inner][\/vc_row_inner][\/vc_column][\/vc_row]<\/p>\n<\/section>","protected":false},"excerpt":{"rendered":"<p>[vc_row css=\u00a0\u00bb.vc_custom_1535643346862{margin-top: 20px !important;margin-bottom: 20px !important;}\u00a0\u00bb][vc_column][vc_row_inner css=\u00a0\u00bb.vc_custom_1539004939103{margin-bottom: -25px !important;}\u00a0\u00bb][vc_column_inner width=\u00a0\u00bb1\/6&Prime;][\/vc_column_inner][vc_column_inner width=\u00a0\u00bb2\/3&Prime;][vc_column_text] Nos produits Gemar &amp; Figli est aujourd&rsquo;hui une entreprise importante qui exerce ses activit\u00e9s dans<span class=\"excerpt-hellip\"> [\u2026]<\/span><\/p>\n","protected":false},"author":3,"featured_media":0,"parent":0,"menu_order":0,"comment_status":"closed","ping_status":"closed","template":"","meta":{"footnotes":""},"class_list":["post-1086","page","type-page","status-publish","hentry"],"_links":{"self":[{"href":"https:\/\/www.gemarefigli.it\/fr\/wp-json\/wp\/v2\/pages\/1086","targetHints":{"allow":["GET"]}}],"collection":[{"href":"https:\/\/www.gemarefigli.it\/fr\/wp-json\/wp\/v2\/pages"}],"about":[{"href":"https:\/\/www.gemarefigli.it\/fr\/wp-json\/wp\/v2\/types\/page"}],"author":[{"embeddable":true,"href":"https:\/\/www.gemarefigli.it\/fr\/wp-json\/wp\/v2\/users\/3"}],"replies":[{"embeddable":true,"href":"https:\/\/www.gemarefigli.it\/fr\/wp-json\/wp\/v2\/comments?post=1086"}],"version-history":[{"count":2,"href":"https:\/\/www.gemarefigli.it\/fr\/wp-json\/wp\/v2\/pages\/1086\/revisions"}],"predecessor-version":[{"id":1091,"href":"https:\/\/www.gemarefigli.it\/fr\/wp-json\/wp\/v2\/pages\/1086\/revisions\/1091"}],"wp:attachment":[{"href":"https:\/\/www.gemarefigli.it\/fr\/wp-json\/wp\/v2\/media?parent=1086"}],"curies":[{"name":"wp","href":"https:\/\/api.w.org\/{rel}","templated":true}]}}