{"id":484,"date":"2018-06-26T17:01:51","date_gmt":"2018-06-26T15:01:51","guid":{"rendered":"https:\/\/www.gemarefigli.it\/chi-siamo\/"},"modified":"2022-09-19T13:11:00","modified_gmt":"2022-09-19T11:11:00","slug":"chi-siamo","status":"publish","type":"page","link":"https:\/\/www.gemarefigli.it\/fr\/chi-siamo\/","title":{"rendered":"Qui sommes nous"},"content":{"rendered":"<section class=\"wpb-content-wrapper\"><p>[vc_row css=\u00a0\u00bb.vc_custom_1529942463194{background-position: center !important;background-repeat: no-repeat !important;background-size: cover !important;}\u00a0\u00bb][vc_column width=\u00a0\u00bb1\/2&Prime;][vc_single_image image=\u00a0\u00bb189&Prime; img_size=\u00a0\u00bblarge\u00a0\u00bb alignment=\u00a0\u00bbcenter\u00a0\u00bb style=\u00a0\u00bbvc_box_border\u00a0\u00bb border_color=\u00a0\u00bbblack\u00a0\u00bb][\/vc_column][vc_column width=\u00a0\u00bb1\/2&Prime;][vc_column_text]<\/p>\n<h1>Gemar &amp; Figli sp\u00e9cialis\u00e9 dans la vente de v\u00eatements d&rsquo;occasion<\/h1>\n<p>Fond\u00e9e par Fabio Marseo en 2014, la soci\u00e9t\u00e9 Gemar e figli s.r.l. est sp\u00e9cialis\u00e9e dans le traitement et la <strong>commercialisation des v\u00eatements usag\u00e9s.<\/strong><br \/>\nFabio a ainsi perp\u00e9tu\u00e9 une tradition familiale vieille de <strong>trois g\u00e9n\u00e9rations<\/strong>, n\u00e9e de la vente de v\u00eatements usag\u00e9s \u00e0 Naples.<br \/>\nLa famille Marseo a jou\u00e9 un <strong>r\u00f4le important<\/strong> dans la croissance du secteur du v\u00eatement usag\u00e9. Ce secteur s\u2019est aujourd\u2019hui fortement d\u00e9velopp\u00e9 et compte de nombreuses soci\u00e9t\u00e9s dont l\u2019activit\u00e9 est exclusivement d\u00e9di\u00e9e \u00e0 la vente de v\u00eatements de seconde main.<br \/>\nBien qu\u2019enracin\u00e9e dans un <strong>demi-si\u00e8cle d\u2019histoire et de d\u00e9vouement \u00e0 l\u2019excellence<\/strong>, Gemar &amp; Figli affiche l\u2019image d\u2019une jeune entreprise gr\u00e2ce au r\u00f4le important et prestigieux jou\u00e9 par Gerardo Marseo, p\u00e8re de Fabio. Apr\u00e8s de nombreuses ann\u00e9es d\u2019activit\u00e9 dans la vente de v\u00eatements usag\u00e9s, Gerardo a en effet poursuivi la tradition familiale dans le domaine des habits de seconde main en <strong>d\u00e9localisant la soci\u00e9t\u00e9 \u00e0 Prato<\/strong>.<\/p>\n<p>&nbsp;[\/vc_column_text][\/vc_column][\/vc_row][vc_row][vc_column][vc_row_inner][vc_column_inner][vc_column_text]<\/p>\n<h2 style=\"text-align: center;\">Notre philosophie de production<\/h2>\n<p>[\/vc_column_text][\/vc_column_inner][\/vc_row_inner][vc_row_inner][vc_column_inner width=\u00a0\u00bb1\/2&Prime;]<div class=\"list_item lists_2 clearfix\"><div class=\"list_left list_image\"><img decoding=\"async\" src=\"https:\/\/www.gemarefigli.it\/wp-content\/uploads\/2018\/07\/Ordine.png\" class=\"scale-with-grid\" alt=\"Ordine\" width=\"128\" height=\"128\"\/><\/div><div class=\"list_right\"><h4 class=\"title\">Organisation<\/h4><div class=\"desc\">L\u2019un des points majeurs sous-tendant l\u2019activit\u00e9, est la mani\u00e8re de g\u00e9rer le stock. Apr\u00e8s avoir \u00e9t\u00e9 trait\u00e9s et qu\u2019ils sont pr\u00eats \u00e0 \u00eatre vendus, les v\u00eatements usag\u00e9s sont d\u00e9plac\u00e9s dans une caisse qui leur est affect\u00e9e. Chaque produit a donc un emplacement d\u00e9di\u00e9, ce qui permet de r\u00e9duire le temps de recherche d\u2019un article demand\u00e9.<\/div><\/div><\/div>\n[\/vc_column_inner][vc_column_inner width=\u00a0\u00bb1\/2&Prime;]<div class=\"list_item lists_2 clearfix\"><div class=\"list_left list_image\"><img decoding=\"async\" src=\"https:\/\/www.gemarefigli.it\/wp-content\/uploads\/2018\/07\/Pulizia.png\" class=\"scale-with-grid\" alt=\"Pulizia\" width=\"128\" height=\"128\"\/><\/div><div class=\"list_right\"><h4 class=\"title\">Propret\u00e9<\/h4><div class=\"desc\">Chaque sac de v\u00eatements usag\u00e9s est d\u00e9sinfect\u00e9 sous le contr\u00f4le m\u00e9dical de Sanity K. La soci\u00e9t\u00e9 Gemar &amp; Figli prend un soin tout particulier au conditionnement des v\u00eatements usag\u00e9s : l\u2019emballage est non seulement le premier \u00e9l\u00e9ment de contact avec le client mais \u00e9galement la carte de visite de l\u2019entreprise. De l\u2019attention port\u00e9e au conditionnement permet d\u2019emballer et de prot\u00e9ger individuellement et avec le plus grand soin\u00a0chaque article usag\u00e9<\/div><\/div><\/div>\n[\/vc_column_inner][\/vc_row_inner][vc_row_inner][vc_column_inner width=\u00a0\u00bb1\/2&Prime;]<div class=\"list_item lists_2 clearfix\"><div class=\"list_left list_image\"><img decoding=\"async\" src=\"https:\/\/www.gemarefigli.it\/wp-content\/uploads\/2018\/07\/Esperienza-consolidata.png\" class=\"scale-with-grid\" alt=\"Esperienza consolidata\" width=\"128\" height=\"128\"\/><\/div><div class=\"list_right\"><h4 class=\"title\">Exp\u00e9rience<\/h4><div class=\"desc\">Travailler dans un secteur sp\u00e9cifique pendant 60 ans est un facteur qui conf\u00e8re beaucoup de prestige \u00e0 une soci\u00e9t\u00e9. Si l\u2019on consid\u00e8re que cette p\u00e9rennit\u00e9 s\u2019est construite dans le domaine de la vente en gros de v\u00eatements usag\u00e9s, le r\u00e9sultat n\u2019en est que plus surprenant. Les comp\u00e9tences apport\u00e9es par Gerardo, fondamentales dans le processus de production de l\u2019entreprise, conjugu\u00e9es aux id\u00e9es innovantes de Fabio ont favoris\u00e9 l\u2019ancrage et le d\u00e9veloppement de la soci\u00e9t\u00e9 tant sur le plan national qu\u2019international avec une identit\u00e9 bien pr\u00e9cise.<\/div><\/div><\/div>\n[\/vc_column_inner][vc_column_inner width=\u00a0\u00bb1\/2&Prime;]<div class=\"list_item lists_2 clearfix\"><div class=\"list_left list_image\"><img decoding=\"async\" src=\"https:\/\/www.gemarefigli.it\/wp-content\/uploads\/2018\/07\/Correttezza.png\" class=\"scale-with-grid\" alt=\"Correttezza\" width=\"128\" height=\"128\"\/><\/div><div class=\"list_right\"><h4 class=\"title\">Relation de longue dur\u00e9e<\/h4><div class=\"desc\">Le d\u00e9veloppement rapide de la soci\u00e9t\u00e9 Gemar &amp; Figli dans le secteur du v\u00eatement usag\u00e9 est \u00e9galement le r\u00e9sultat des relations que la famille Marseo a su nouer et cultiver sur la dur\u00e9e, en conqu\u00e9rant l\u2019estime et la confiance de ses clients. Les relations de longue dur\u00e9e s\u2019\u00e9tendent \u00e9galement aux femmes et aux hommes \u0153uvrant au sein de la soci\u00e9t\u00e9. Former ses collaborateurs selon des principes fondateurs de son activit\u00e9 est une pr\u00e9rogative de Gemar &amp; Figli\u00a0: la personne qui rejoint la soci\u00e9t\u00e9, rejoint en effet une famille dans laquelle chacun est important<\/div><\/div><\/div>\n[\/vc_column_inner][\/vc_row_inner][\/vc_column][\/vc_row][vc_row][vc_column][vc_row_inner][vc_column_inner][vc_column_text]<\/p>\n<h2 style=\"text-align: center;\">Parlano di noi<\/h2>\n<p>[\/vc_column_text][\/vc_column_inner][\/vc_row_inner][vc_row_inner css=\u00a0\u00bb.vc_custom_1662364260524{margin-top: -20px !important;}\u00a0\u00bb][vc_column_inner width=\u00a0\u00bb1\/2&Prime;][vc_raw_html]JTNDaWZyYW1lJTIwd2lkdGglM0QlMjI2NDAlMjIlMjBoZWlnaHQlM0QlMjI0ODAlMjIlMjBmcmFtZWJvcmRlciUzRCUyMjAlMjIlMjBzcmMlM0QlMjJodHRwcyUzQSUyRiUyRnd3dy5iYmMuY29tJTJGbmV3cyUyRmF2LWVtYmVkcyUyRjU1MjY3OTkyJTIyJTNFJTNDJTJGaWZyYW1lJTNF[\/vc_raw_html][\/vc_column_inner][vc_column_inner width=\u00a0\u00bb1\/2&Prime;][vc_single_image image=\u00a0\u00bb1115&Prime; img_size=\u00a0\u00bbfull\u00a0\u00bb alignment=\u00a0\u00bbcenter\u00a0\u00bb onclick=\u00a0\u00bbcustom_link\u00a0\u00bb img_link_target=\u00a0\u00bb_blank\u00a0\u00bb link=\u00a0\u00bbhttps:\/\/www.rai.it\/dl\/RaiTV\/programmi\/media\/ContentItem-61d32a85-87b3-4c54-93a6-025f8b0def40.html#p=\u00a0\u00bb][\/vc_column_inner][\/vc_row_inner][\/vc_column][\/vc_row][vc_row full_width=\u00a0\u00bbstretch_row_content_no_spaces\u00a0\u00bb css=\u00a0\u00bb.vc_custom_1531468338673{margin-bottom: 32px !important;}\u00a0\u00bb][vc_column][vc_cta h2=\u00a0\u00bbVoulez-vous en savoir plus sur nous? Contactez-nous maintenant!\u00a0\u00bb h2_font_container=\u00a0\u00bbtag:h2|font_size:28|text_align:left|color:%23ffffff|line_height:1.1&Prime; h2_use_theme_fonts=\u00a0\u00bbyes\u00a0\u00bb h4_font_container=\u00a0\u00bbtag:h2|text_align:left|color:%23ffffff\u00a0\u00bb h4_use_theme_fonts=\u00a0\u00bbyes\u00a0\u00bb shape=\u00a0\u00bbsquare\u00a0\u00bb style=\u00a0\u00bbflat\u00a0\u00bb color=\u00a0\u00bbturquoise\u00a0\u00bb el_width=\u00a0\u00bbmd\u00a0\u00bb add_button=\u00a0\u00bbright\u00a0\u00bb btn_title=\u00a0\u00bbContactez-nous\u00a0\u00bb btn_color=\u00a0\u00bbturquoise\u00a0\u00bb use_custom_fonts_h2=\u00a0\u00bbtrue\u00a0\u00bb use_custom_fonts_h4=\u00a0\u00bbtrue\u00a0\u00bb btn_link=\u00a0\u00bburl:http%3A%2F%2Fgemarefigli.it%2Fcontatti%2F|\u00a0\u00bb el_id=\u00a0\u00bbsfondo_call\u00a0\u00bb el_class=\u00a0\u00bbsfondo_call\u00a0\u00bb][\/vc_cta][\/vc_column][\/vc_row]<\/p>\n<\/section>","protected":false},"excerpt":{"rendered":"<p>[vc_row css=\u00a0\u00bb.vc_custom_1529942463194{background-position: center !important;background-repeat: no-repeat !important;background-size: cover !important;}\u00a0\u00bb][vc_column width=\u00a0\u00bb1\/2&Prime;][vc_single_image image=\u00a0\u00bb189&Prime; img_size=\u00a0\u00bblarge\u00a0\u00bb alignment=\u00a0\u00bbcenter\u00a0\u00bb style=\u00a0\u00bbvc_box_border\u00a0\u00bb border_color=\u00a0\u00bbblack\u00a0\u00bb][\/vc_column][vc_column width=\u00a0\u00bb1\/2&Prime;][vc_column_text] Gemar &amp; Figli sp\u00e9cialis\u00e9 dans la vente de v\u00eatements d&rsquo;occasion Fond\u00e9e<span class=\"excerpt-hellip\"> [\u2026]<\/span><\/p>\n","protected":false},"author":3,"featured_media":0,"parent":0,"menu_order":0,"comment_status":"closed","ping_status":"closed","template":"","meta":{"footnotes":""},"class_list":["post-484","page","type-page","status-publish","hentry"],"_links":{"self":[{"href":"https:\/\/www.gemarefigli.it\/fr\/wp-json\/wp\/v2\/pages\/484","targetHints":{"allow":["GET"]}}],"collection":[{"href":"https:\/\/www.gemarefigli.it\/fr\/wp-json\/wp\/v2\/pages"}],"about":[{"href":"https:\/\/www.gemarefigli.it\/fr\/wp-json\/wp\/v2\/types\/page"}],"author":[{"embeddable":true,"href":"https:\/\/www.gemarefigli.it\/fr\/wp-json\/wp\/v2\/users\/3"}],"replies":[{"embeddable":true,"href":"https:\/\/www.gemarefigli.it\/fr\/wp-json\/wp\/v2\/comments?post=484"}],"version-history":[{"count":21,"href":"https:\/\/www.gemarefigli.it\/fr\/wp-json\/wp\/v2\/pages\/484\/revisions"}],"predecessor-version":[{"id":1156,"href":"https:\/\/www.gemarefigli.it\/fr\/wp-json\/wp\/v2\/pages\/484\/revisions\/1156"}],"wp:attachment":[{"href":"https:\/\/www.gemarefigli.it\/fr\/wp-json\/wp\/v2\/media?parent=484"}],"curies":[{"name":"wp","href":"https:\/\/api.w.org\/{rel}","templated":true}]}}