{"id":529,"date":"2018-11-29T18:04:53","date_gmt":"2018-11-29T17:04:53","guid":{"rendered":"https:\/\/www.gemarefigli.it\/recycler-les-vetements-usages\/"},"modified":"2018-12-12T14:27:58","modified_gmt":"2018-12-12T13:27:58","slug":"recycler-les-vetements-usages","status":"publish","type":"page","link":"https:\/\/www.gemarefigli.it\/fr\/recycler-les-vetements-usages\/","title":{"rendered":"Recycler les v\u00eatements usag\u00e9s"},"content":{"rendered":"<section class=\"wpb-content-wrapper\"><p>[vc_section full_width=\u00a0\u00bbstretch_row_content\u00a0\u00bb css=\u00a0\u00bb.vc_custom_1537956207852{margin-bottom: 32px !important;background-image: url(https:\/\/www.gemarefigli.it\/wp-content\/uploads\/2018\/09\/riciclo-indumenti-usati.png?id=313) !important;background-position: center !important;background-repeat: no-repeat !important;background-size: cover !important;}\u00a0\u00bb][vc_row][vc_column][vc_empty_space height=\u00a0\u00bb50px\u00a0\u00bb][vc_row_inner][vc_column_inner width=\u00a0\u00bb1\/6&Prime;][\/vc_column_inner][vc_column_inner width=\u00a0\u00bb2\/3&Prime; css=\u00a0\u00bb.vc_custom_1540807795321{background-color: rgba(255,255,255,0.62) !important;*background-color: rgb(255,255,255) !important;}\u00a0\u00bb][vc_custom_heading text=\u00a0\u00bbRECYCLER LES V\u00eaTEMENTS USAG\u00e9S\u00a0\u00bb font_container=\u00a0\u00bbtag:h1|text_align:center\u00a0\u00bb use_theme_fonts=\u00a0\u00bbyes\u00a0\u00bb][vc_column_text]<\/p>\n<p style=\"text-align: center;\">Le processus de la logistique inverse dans le secteur des v\u00eatements usag\u00e9s d\u00e9bute apr\u00e8s un don spontan\u00e9 \u00e0 des organisations caritatives. Ces organisations vendent \u00e0 leur tour ces v\u00eatements usag\u00e9s \u00e0 des entreprises, g\u00e9n\u00e9rant ainsi des ressources financi\u00e8res qu\u2019elles utilisent pour leurs \u0153uvres sociales.<br \/>\nApr\u00e8s leur don, ces v\u00eatements de seconde main, devenus des d\u00e9chets sp\u00e9ciaux non dangereux sont acquis par des soci\u00e9t\u00e9s qui les confient \u00e0 des transporteurs agr\u00e9\u00e9s sp\u00e9cialis\u00e9s.<br \/>\nApr\u00e8s avoir \u00e9t\u00e9 d\u00e9charg\u00e9s, les v\u00eatements de seconde main sont soumis \u00e0 un premier tri au cours duquel les diff\u00e9rents articles sont s\u00e9lectionn\u00e9s. Les v\u00eatements usag\u00e9s aptes \u00e0 \u00eatre \u00e9coul\u00e9s sur diff\u00e9rents march\u00e9s europ\u00e9ens, africains, asiatiques et pakistanais sont s\u00e9par\u00e9s des v\u00eatements usag\u00e9s destin\u00e9s au recyclage et au march\u00e9 de l\u2019\u00e9conomie circulaire textile des mati\u00e8res premi\u00e8res secondaires.<\/p>\n<p>[\/vc_column_text][vc_single_image image=\u00a0\u00bb327&Prime; img_size=\u00a0\u00bb40&#215;80&Prime; alignment=\u00a0\u00bbcenter\u00a0\u00bb css=\u00a0\u00bb.vc_custom_1539005477479{margin-top: 40px !important;}\u00a0\u00bb][\/vc_column_inner][vc_column_inner width=\u00a0\u00bb1\/6&Prime;][\/vc_column_inner][\/vc_row_inner][vc_empty_space height=\u00a0\u00bb200px\u00a0\u00bb][\/vc_column][\/vc_row][\/vc_section][vc_row][vc_column width=\u00a0\u00bb1\/3&Prime; offset=\u00a0\u00bbvc_col-lg-offset-1&Prime;]<div class=\"how_it_works  no_border\"><div class=\"image_wrapper\"><div class=\"image\"><img decoding=\"async\" class=\"scale-with-grid\" src=\"https:\/\/www.gemarefigli.it\/wp-content\/uploads\/2018\/10\/rilascio-volontario-di-indumenti-usati.png\" alt=\"rilascio volontario di indumenti usati\" width=\"426\" height=\"412\"><\/div><\/div><h4 class=\"title\">Don spontan\u00e9 de v\u00eatements us\u00e9s<\/h4><div class=\"desc\"><\/div><\/div>\n[\/vc_column][vc_column width=\u00a0\u00bb1\/6&Prime; offset=\u00a0\u00bbvc_hidden-xs\u00a0\u00bb css=\u00a0\u00bb.vc_custom_1539005380488{padding-top: 50px !important;}\u00a0\u00bb][vc_single_image image=\u00a0\u00bb325&Prime; img_size=\u00a0\u00bb80&#215;40&Prime; alignment=\u00a0\u00bbcenter\u00a0\u00bb css=\u00a0\u00bb.vc_custom_1539005360453{margin-top: 40px !important;}\u00a0\u00bb][\/vc_column][vc_column width=\u00a0\u00bb1\/3&Prime;]<div class=\"how_it_works  no_border\"><div class=\"image_wrapper\"><div class=\"image\"><img decoding=\"async\" class=\"scale-with-grid\" src=\"https:\/\/www.gemarefigli.it\/wp-content\/uploads\/2018\/09\/Trasporto-dei-rifiuti-speciali-non-pericolosi.png\" alt=\"Trasporto dei rifiuti speciali non pericolosi\" width=\"785\" height=\"576\"><\/div><\/div><h4 class=\"title\">Transport de d\u00e9chets sp\u00e9ciaux non dangereux<\/h4><div class=\"desc\"><\/div><\/div>\n[\/vc_column][\/vc_row][vc_row css=\u00a0\u00bb.vc_custom_1537957058044{margin-top: -20px !important;}\u00a0\u00bb][vc_column width=\u00a0\u00bb1\/3&Prime; offset=\u00a0\u00bbvc_col-lg-offset-1&Prime;][\/vc_column][vc_column width=\u00a0\u00bb1\/6&Prime; css=\u00a0\u00bb.vc_custom_1537957160544{margin-top: -20px !important;margin-bottom: -25px !important;}\u00a0\u00bb][vc_single_image image=\u00a0\u00bb327&Prime; img_size=\u00a0\u00bb40&#215;80&Prime; alignment=\u00a0\u00bbcenter\u00a0\u00bb css=\u00a0\u00bb.vc_custom_1539005477479{margin-top: 40px !important;}\u00a0\u00bb][\/vc_column][vc_column width=\u00a0\u00bb1\/3&Prime;][\/vc_column][\/vc_row][vc_row full_width=\u00a0\u00bbstretch_row\u00a0\u00bb css=\u00a0\u00bb.vc_custom_1540808365545{background: #f2f2f2 url(https:\/\/www.gemarefigli.it\/wp-content\/uploads\/2018\/10\/imballaggio-indumenti-usati.jpg?id=421) !important;background-position: center !important;background-repeat: no-repeat !important;background-size: cover !important;}\u00a0\u00bb][vc_column offset=\u00a0\u00bbvc_col-lg-offset-0&Prime;][vc_row_inner css=\u00a0\u00bb.vc_custom_1540808403712{margin-top: -34px !important;margin-bottom: -32px !important;padding-top: 32px !important;padding-bottom: 32px !important;background-color: rgba(255,255,255,0.69) !important;*background-color: rgb(255,255,255) !important;}\u00a0\u00bb][vc_column_inner width=\u00a0\u00bb1\/6&Prime;][\/vc_column_inner][vc_column_inner width=\u00a0\u00bb2\/3&Prime;][vc_single_image image=\u00a0\u00bb161&Prime; img_size=\u00a0\u00bb500&#215;95&Prime; alignment=\u00a0\u00bbcenter\u00a0\u00bb][vc_column_text]<\/p>\n<p style=\"text-align: center;\">Les v\u00eatements d\u2019occasion qui <strong>ne peuvent pas \u00eatre \u00e9coul\u00e9s sur le march\u00e9<\/strong> se distinguent \u00e0 leur tour en deux cat\u00e9gories :<\/p>\n<p style=\"text-align: center;\"><strong>Les v\u00eatements usag\u00e9s destin\u00e9s \u00e0 la d\u00e9charge<\/strong> : ce sont tous les v\u00eatements usag\u00e9s s\u2019av\u00e9rant non r\u00e9cup\u00e9rables et qui sont enlev\u00e9s par des soci\u00e9t\u00e9s sp\u00e9cialis\u00e9es apr\u00e8s renseignement d\u2019un formulaire;<\/p>\n<p style=\"text-align: center;\"><strong>Lles mati\u00e8res premi\u00e8res secondaires<\/strong>\u00a0: ce sont tous les v\u00eatements usag\u00e9s destin\u00e9s \u00e0 \u00eatre recycl\u00e9s en de nouvelles fibres textiles.<\/p>\n<p style=\"text-align: center;\">Apr\u00e8s la premi\u00e8re phase de tri, les v\u00eatements de <strong>seconde main sont s\u00e9lectionn\u00e9s<\/strong> d\u2019abord selon leur degr\u00e9 d\u2019usure puis selon leur cat\u00e9gorie.<br \/>\nLe personnel proc\u00e8de alors \u00e0 une <strong>troisi\u00e8me phase<\/strong> de traitement des v\u00eatement usag\u00e9s, en <strong>mettant les diff\u00e9rents articles usag\u00e9s dans les sacs pr\u00e9vus \u00e0 cet effet<\/strong>. Lorsqu\u2019un sac a atteint le poids pr\u00e9vu pour chaque article, il est ferm\u00e9 par l\u2019employ\u00e9 au moyen d\u2019outils adapt\u00e9s. Le sac de v\u00eatements usag\u00e9s est ensuite stock\u00e9 \u00e0 l\u2019endroit ad\u00e9quat en attendant d\u2019\u00eatre vendu.<br \/>\nEn raison du type de traitement des habits d\u2019occasion, l\u2019activit\u00e9 se positionne dans la vente en gros de v\u00eatements usag\u00e9s. <strong>Cette activit\u00e9 de gros s\u2019av\u00e8re \u00eatre la seule modalit\u00e9 concr\u00e8te dans le domaine de la vente de v\u00eatements usag\u00e9s<\/strong> et suit le principe de la vente de v\u00eatements d\u2019occasion au kg.<\/p>\n<p>[\/vc_column_text][vc_single_image image=\u00a0\u00bb327&Prime; img_size=\u00a0\u00bb40&#215;80&Prime; alignment=\u00a0\u00bbcenter\u00a0\u00bb css=\u00a0\u00bb.vc_custom_1539005477479{margin-top: 40px !important;}\u00a0\u00bb][\/vc_column_inner][vc_column_inner width=\u00a0\u00bb1\/6&Prime;][\/vc_column_inner][\/vc_row_inner][\/vc_column][\/vc_row][vc_row][vc_column offset=\u00a0\u00bbvc_hidden-lg vc_hidden-md vc_hidden-sm\u00a0\u00bb][vc_row_inner][vc_column_inner offset=\u00a0\u00bbvc_hidden-lg vc_hidden-md vc_hidden-sm\u00a0\u00bb][vc_single_image image=\u00a0\u00bb327&Prime; img_size=\u00a0\u00bb100&#215;110&Prime; alignment=\u00a0\u00bbcenter\u00a0\u00bb css=\u00a0\u00bb.vc_custom_1537957705452{margin-top: 40px !important;margin-bottom: -20px !important;}\u00a0\u00bb][\/vc_column_inner][\/vc_row_inner][\/vc_column][\/vc_row][vc_row][vc_column width=\u00a0\u00bb1\/3&Prime;][vc_row_inner][vc_column_inner offset=\u00a0\u00bbvc_hidden-xs\u00a0\u00bb][vc_single_image image=\u00a0\u00bb327&Prime; img_size=\u00a0\u00bb45&#215;80&Prime; alignment=\u00a0\u00bbcenter\u00a0\u00bb css=\u00a0\u00bb.vc_custom_1540461811637{margin-top: 40px !important;margin-bottom: -20px !important;}\u00a0\u00bb][\/vc_column_inner][\/vc_row_inner]<div class=\"how_it_works  no_border\"><div class=\"image_wrapper\"><div class=\"image\"><img decoding=\"async\" class=\"scale-with-grid\" src=\"https:\/\/www.gemarefigli.it\/wp-content\/uploads\/2018\/09\/materie-per-riciclo-nuove-fibre-tessili.png\" alt=\"materie per riciclo nuove fibre tessili\" width=\"796\" height=\"800\"><\/div><\/div><h4 class=\"title\">1ers mat\u00e9riaux destin\u00e9s au recyclage des fibres textiles neuves<\/h4><div class=\"desc\"><\/div><\/div>\n[\/vc_column][vc_column width=\u00a0\u00bb1\/3&Prime;][vc_row_inner][vc_column_inner offset=\u00a0\u00bbvc_hidden-xs\u00a0\u00bb][vc_single_image image=\u00a0\u00bb327&Prime; img_size=\u00a0\u00bb45&#215;80&Prime; alignment=\u00a0\u00bbcenter\u00a0\u00bb css=\u00a0\u00bb.vc_custom_1540461811637{margin-top: 40px !important;margin-bottom: -20px !important;}\u00a0\u00bb][\/vc_column_inner][\/vc_row_inner]<div class=\"how_it_works  no_border\"><div class=\"image_wrapper\"><div class=\"image\"><img decoding=\"async\" class=\"scale-with-grid\" src=\"https:\/\/www.gemarefigli.it\/wp-content\/uploads\/2018\/09\/gemar-simboli-grigio-02.png\" alt=\"mappamondo\" width=\"731\" height=\"720\"><\/div><\/div><h4 class=\"title\">V\u00eatements us\u00e9s destin\u00e9s \u00e0 habiller le monde<\/h4><div class=\"desc\"><\/div><\/div>\n[\/vc_column][vc_column width=\u00a0\u00bb1\/3&Prime;][vc_row_inner][vc_column_inner offset=\u00a0\u00bbvc_hidden-xs\u00a0\u00bb][vc_single_image image=\u00a0\u00bb327&Prime; img_size=\u00a0\u00bb45&#215;80&Prime; alignment=\u00a0\u00bbcenter\u00a0\u00bb css=\u00a0\u00bb.vc_custom_1540461811637{margin-top: 40px !important;margin-bottom: -20px !important;}\u00a0\u00bb][\/vc_column_inner][\/vc_row_inner]<div class=\"how_it_works  no_border\"><div class=\"image_wrapper\"><div class=\"image\"><img decoding=\"async\" class=\"scale-with-grid\" src=\"https:\/\/www.gemarefigli.it\/wp-content\/uploads\/2018\/09\/rifiuti-speciali.png\" alt=\"rifiuti speciali\" width=\"755\" height=\"730\"><\/div><\/div><h4 class=\"title\">2% de d\u00e9chets sp\u00e9ciaux<\/h4><div class=\"desc\"><\/div><\/div>\n[\/vc_column][\/vc_row]<\/p>\n<\/section>","protected":false},"excerpt":{"rendered":"<p>[vc_section full_width=\u00a0\u00bbstretch_row_content\u00a0\u00bb css=\u00a0\u00bb.vc_custom_1537956207852{margin-bottom: 32px !important;background-image: url(https:\/\/www.gemarefigli.it\/wp-content\/uploads\/2018\/09\/riciclo-indumenti-usati.png?id=313) !important;background-position: center !important;background-repeat: no-repeat !important;background-size: cover !important;}\u00a0\u00bb][vc_row][vc_column][vc_empty_space height=\u00a0\u00bb50px\u00a0\u00bb][vc_row_inner][vc_column_inner width=\u00a0\u00bb1\/6&Prime;][\/vc_column_inner][vc_column_inner width=\u00a0\u00bb2\/3&Prime; css=\u00a0\u00bb.vc_custom_1540807795321{background-color: rgba(255,255,255,0.62) !important;*background-color: rgb(255,255,255) !important;}\u00a0\u00bb][vc_custom_heading text=\u00a0\u00bbRECYCLER LES V\u00eaTEMENTS USAG\u00e9S\u00a0\u00bb font_container=\u00a0\u00bbtag:h1|text_align:center\u00a0\u00bb<span class=\"excerpt-hellip\"> [\u2026]<\/span><\/p>\n","protected":false},"author":3,"featured_media":0,"parent":0,"menu_order":0,"comment_status":"closed","ping_status":"closed","template":"","meta":{"footnotes":""},"class_list":["post-529","page","type-page","status-publish","hentry"],"_links":{"self":[{"href":"https:\/\/www.gemarefigli.it\/fr\/wp-json\/wp\/v2\/pages\/529","targetHints":{"allow":["GET"]}}],"collection":[{"href":"https:\/\/www.gemarefigli.it\/fr\/wp-json\/wp\/v2\/pages"}],"about":[{"href":"https:\/\/www.gemarefigli.it\/fr\/wp-json\/wp\/v2\/types\/page"}],"author":[{"embeddable":true,"href":"https:\/\/www.gemarefigli.it\/fr\/wp-json\/wp\/v2\/users\/3"}],"replies":[{"embeddable":true,"href":"https:\/\/www.gemarefigli.it\/fr\/wp-json\/wp\/v2\/comments?post=529"}],"version-history":[{"count":9,"href":"https:\/\/www.gemarefigli.it\/fr\/wp-json\/wp\/v2\/pages\/529\/revisions"}],"predecessor-version":[{"id":976,"href":"https:\/\/www.gemarefigli.it\/fr\/wp-json\/wp\/v2\/pages\/529\/revisions\/976"}],"wp:attachment":[{"href":"https:\/\/www.gemarefigli.it\/fr\/wp-json\/wp\/v2\/media?parent=529"}],"curies":[{"name":"wp","href":"https:\/\/api.w.org\/{rel}","templated":true}]}}