{"id":697,"date":"2018-12-03T10:11:30","date_gmt":"2018-12-03T09:11:30","guid":{"rendered":"https:\/\/www.gemarefigli.it\/vetements-usages-de-qualite-extra\/"},"modified":"2018-12-12T10:27:35","modified_gmt":"2018-12-12T09:27:35","slug":"vetements-usages-de-qualite-extra","status":"publish","type":"page","link":"https:\/\/www.gemarefigli.it\/fr\/vetements-usages-de-qualite-extra\/","title":{"rendered":"V\u00eatements usag\u00e9s de qualit\u00e9 extra"},"content":{"rendered":"<section class=\"wpb-content-wrapper\"><p>[vc_section full_width=\u00a0\u00bbstretch_row\u00a0\u00bb css=\u00a0\u00bb.vc_custom_1540558037790{margin-bottom: -5px !important;background-image: url(https:\/\/www.gemarefigli.it\/wp-content\/uploads\/2018\/10\/indumenti-extra-e-prima-qualit\u00e0.jpg?id=467) !important;background-position: center !important;background-repeat: no-repeat !important;background-size: cover !important;}\u00a0\u00bb][vc_row full_width=\u00a0\u00bbstretch_row_content\u00a0\u00bb css=\u00a0\u00bb.vc_custom_1530029218230{margin-top: -36px !important;background-color: rgba(0,174,239,0.51) !important;*background-color: rgb(0,174,239) !important;}\u00a0\u00bb][vc_column css=\u00a0\u00bb.vc_custom_1530029188253{margin-top: -20px !important;}\u00a0\u00bb][vc_empty_space height=\u00a0\u00bb100px\u00a0\u00bb][vc_custom_heading text=\u00a0\u00bbV\u00caTEMENTS USAG\u00c9S DE QUALIT\u00c9 EXTRA\u00a0\u00bb font_container=\u00a0\u00bbtag:h1|text_align:center|color:%23ffffff\u00a0\u00bb use_theme_fonts=\u00a0\u00bbyes\u00a0\u00bb][vc_empty_space height=\u00a0\u00bb100px\u00a0\u00bb][\/vc_column][\/vc_row][\/vc_section][vc_row css=\u00a0\u00bb.vc_custom_1530029455733{margin-top: 32px !important;}\u00a0\u00bb][vc_column][vc_row_inner][vc_column_inner][vc_column_text]<\/p>\n<p style=\"text-align: center;\">Par <strong>v\u00eatements usag\u00e9s de qualit\u00e9 extra<\/strong>, nous entendons tous les <strong>articles de la plus haute qualit\u00e9<\/strong> issus du processus de tri des v\u00eatements usag\u00e9s.<br \/>\nLes v\u00eatements usag\u00e9s utilis\u00e9s subissent un tri minutieux qui est <strong>divis\u00e9 en trois phases de s\u00e9lection<\/strong>, ceci afin de limiter autant que possible les erreurs de la part de notre \u00e9quipe de production.<\/p>\n<p>[\/vc_column_text][\/vc_column_inner][\/vc_row_inner][\/vc_column][\/vc_row][vc_row][vc_column][vc_row_inner][vc_column_inner][vc_custom_heading text=\u00a0\u00bbDans les v\u00eatements d&rsquo;\u00e9t\u00e9 de qualit\u00e9 sup\u00e9rieure utilis\u00e9s, on trouve:\u00a0\u00bb font_container=\u00a0\u00bbtag:h2|text_align:center\u00a0\u00bb use_theme_fonts=\u00a0\u00bbyes\u00a0\u00bb][\/vc_column_inner][\/vc_row_inner][vc_row_inner][vc_column_inner width=\u00a0\u00bb1\/5&Prime;][\/vc_column_inner][vc_column_inner width=\u00a0\u00bb1\/5&Prime;][vc_column_text]<\/p>\n<ul>\n<li>V\u00eatements vintage<\/li>\n<li>Nostalgie<\/li>\n<li>B\u00e9b\u00e9 d\u2019\u00e9t\u00e9 de creme<\/li>\n<li>Chapeaux de paille<\/li>\n<li>Cachemire<\/li>\n<li>Extra d\u2019\u00e8t\u00e8<\/li>\n<li>Extra mix d\u2019\u00e8t\u00e8<\/li>\n<\/ul>\n<p>&nbsp;[\/vc_column_text][\/vc_column_inner][vc_column_inner width=\u00a0\u00bb1\/5&Prime;][vc_column_text]<\/p>\n<ul>\n<li>Tablier de cr\u00e8me<\/li>\n<li>Lingerie de cr\u00e8me<\/li>\n<li>Cr\u00e8me d\u2019\u00e8t\u00e8<\/li>\n<li>Levi\u2019s petit et grand<\/li>\n<li>Maillot de sport<\/li>\n<li>Militaire<\/li>\n<\/ul>\n<p>&nbsp;[\/vc_column_text][\/vc_column_inner][vc_column_inner width=\u00a0\u00bb1\/5&Prime;][vc_column_text]<\/p>\n<ul>\n<li>Pashmina<\/li>\n<li>Cuir de cr\u00e8me et biker<\/li>\n<li>Polo de cr\u00e8me<\/li>\n<li>Tapisserie de cr\u00e8me<\/li>\n<\/ul>\n<p>[\/vc_column_text][\/vc_column_inner][vc_column_inner width=\u00a0\u00bb1\/5&Prime;][\/vc_column_inner][\/vc_row_inner][vc_row_inner][vc_column_inner][vc_cta h2=\u00a0\u00bbContactez-nous maintenant!\u00a0\u00bb shape=\u00a0\u00bbsquare\u00a0\u00bb style=\u00a0\u00bbflat\u00a0\u00bb color=\u00a0\u00bbturquoise\u00a0\u00bb el_width=\u00a0\u00bbmd\u00a0\u00bb add_button=\u00a0\u00bbright\u00a0\u00bb btn_title=\u00a0\u00bbCliquez ici\u00a0\u00bb btn_color=\u00a0\u00bbturquoise\u00a0\u00bb btn_link=\u00a0\u00bburl:https%3A%2F%2Fgemarefigli.it%2Fdevis-pour-vetements-uses%2F%3Flang%3Dfr|\u00a0\u00bb el_id=\u00a0\u00bbsfondo_call\u00a0\u00bb el_class=\u00a0\u00bbsfondo_call\u00a0\u00bb][\/vc_cta][\/vc_column_inner][\/vc_row_inner][\/vc_column][\/vc_row][vc_row full_width=\u00a0\u00bbstretch_row_content\u00a0\u00bb css=\u00a0\u00bb.vc_custom_1530102211245{background-image: url(https:\/\/www.gemarefigli.it\/wp-content\/uploads\/2018\/06\/magazzino-indumenti-usati-gemar-figli.jpg?id=74) !important;background-position: center !important;background-repeat: no-repeat !important;background-size: cover !important;}\u00a0\u00bb][vc_column][vc_row_inner][vc_column_inner][vc_empty_space height=\u00a0\u00bb320px\u00a0\u00bb][\/vc_column_inner][\/vc_row_inner][\/vc_column][\/vc_row][vc_row][vc_column][vc_row_inner][vc_column_inner][vc_custom_heading text=\u00a0\u00bbDans les v\u00eatements d&rsquo;hiver de qualit\u00e9 sup\u00e9rieure utilis\u00e9s, on trouve:\u00a0\u00bb font_container=\u00a0\u00bbtag:h2|text_align:center\u00a0\u00bb use_theme_fonts=\u00a0\u00bbyes\u00a0\u00bb][\/vc_column_inner][\/vc_row_inner][vc_row_inner][vc_column_inner width=\u00a0\u00bb1\/5&Prime;][\/vc_column_inner][vc_column_inner width=\u00a0\u00bb1\/5&Prime;][vc_column_text]<\/p>\n<ul>\n<li>V\u00eatements vintage<\/li>\n<li>Nostalgie<\/li>\n<li>B\u00e9b\u00e9 d\u2019hiver de creme<\/li>\n<li>Cashmere<\/li>\n<li>Chapeaux de paille<\/li>\n<li>Extra d\u2019hiver<\/li>\n<li>Extra mix d\u2019hiver<\/li>\n<\/ul>\n<p>[\/vc_column_text][\/vc_column_inner][vc_column_inner width=\u00a0\u00bb1\/5&Prime;][vc_column_text]<\/p>\n<ul>\n<li>Tablier de cr\u00e8me<\/li>\n<li>Gants de cr\u00e8me<\/li>\n<li>Lingerie de cr\u00e8me<\/li>\n<li>Cr\u00e8me d\u2019hiver<\/li>\n<li>Levi\u2019s petit et grand<\/li>\n<li>Maillot de sport<\/li>\n<\/ul>\n<p>[\/vc_column_text][\/vc_column_inner][vc_column_inner width=\u00a0\u00bb1\/5&Prime;][vc_column_text]<\/p>\n<ul>\n<li>Militaire<\/li>\n<li>Pashmina<\/li>\n<li>Cuir de cr\u00e8me et biker<\/li>\n<li>Fourrure de cr\u00e8me<\/li>\n<li>Plumage de cr\u00e8me<\/li>\n<li>Tapisserie de cr\u00e8me<\/li>\n<\/ul>\n<p>[\/vc_column_text][\/vc_column_inner][vc_column_inner width=\u00a0\u00bb1\/5&Prime;][\/vc_column_inner][\/vc_row_inner][vc_row_inner][vc_column_inner][vc_cta h2=\u00a0\u00bbContactez-nous maintenant!\u00a0\u00bb shape=\u00a0\u00bbsquare\u00a0\u00bb style=\u00a0\u00bbflat\u00a0\u00bb color=\u00a0\u00bbturquoise\u00a0\u00bb el_width=\u00a0\u00bbmd\u00a0\u00bb add_button=\u00a0\u00bbright\u00a0\u00bb btn_title=\u00a0\u00bbCliquez ici\u00a0\u00bb btn_color=\u00a0\u00bbturquoise\u00a0\u00bb btn_link=\u00a0\u00bburl:https%3A%2F%2Fgemarefigli.it%2Fdevis-pour-vetements-uses%2F%3Flang%3Dfr|\u00a0\u00bb el_id=\u00a0\u00bbsfondo_call\u00a0\u00bb el_class=\u00a0\u00bbsfondo_call\u00a0\u00bb][\/vc_cta][\/vc_column_inner][\/vc_row_inner][\/vc_column][\/vc_row]<\/p>\n<\/section>","protected":false},"excerpt":{"rendered":"<p>[vc_section full_width=\u00a0\u00bbstretch_row\u00a0\u00bb css=\u00a0\u00bb.vc_custom_1540558037790{margin-bottom: -5px !important;background-image: url(https:\/\/www.gemarefigli.it\/wp-content\/uploads\/2018\/10\/indumenti-extra-e-prima-qualit\u00e0.jpg?id=467) !important;background-position: center !important;background-repeat: no-repeat !important;background-size: cover !important;}\u00a0\u00bb][vc_row full_width=\u00a0\u00bbstretch_row_content\u00a0\u00bb css=\u00a0\u00bb.vc_custom_1530029218230{margin-top: -36px !important;background-color: rgba(0,174,239,0.51) !important;*background-color: rgb(0,174,239) !important;}\u00a0\u00bb][vc_column css=\u00a0\u00bb.vc_custom_1530029188253{margin-top: -20px !important;}\u00a0\u00bb][vc_empty_space height=\u00a0\u00bb100px\u00a0\u00bb][vc_custom_heading text=\u00a0\u00bbV\u00caTEMENTS<span class=\"excerpt-hellip\"> [\u2026]<\/span><\/p>\n","protected":false},"author":3,"featured_media":0,"parent":0,"menu_order":0,"comment_status":"closed","ping_status":"closed","template":"","meta":{"footnotes":""},"class_list":["post-697","page","type-page","status-publish","hentry"],"_links":{"self":[{"href":"https:\/\/www.gemarefigli.it\/fr\/wp-json\/wp\/v2\/pages\/697","targetHints":{"allow":["GET"]}}],"collection":[{"href":"https:\/\/www.gemarefigli.it\/fr\/wp-json\/wp\/v2\/pages"}],"about":[{"href":"https:\/\/www.gemarefigli.it\/fr\/wp-json\/wp\/v2\/types\/page"}],"author":[{"embeddable":true,"href":"https:\/\/www.gemarefigli.it\/fr\/wp-json\/wp\/v2\/users\/3"}],"replies":[{"embeddable":true,"href":"https:\/\/www.gemarefigli.it\/fr\/wp-json\/wp\/v2\/comments?post=697"}],"version-history":[{"count":14,"href":"https:\/\/www.gemarefigli.it\/fr\/wp-json\/wp\/v2\/pages\/697\/revisions"}],"predecessor-version":[{"id":983,"href":"https:\/\/www.gemarefigli.it\/fr\/wp-json\/wp\/v2\/pages\/697\/revisions\/983"}],"wp:attachment":[{"href":"https:\/\/www.gemarefigli.it\/fr\/wp-json\/wp\/v2\/media?parent=697"}],"curies":[{"name":"wp","href":"https:\/\/api.w.org\/{rel}","templated":true}]}}