{"id":710,"date":"2018-12-03T11:24:32","date_gmt":"2018-12-03T10:24:32","guid":{"rendered":"https:\/\/www.gemarefigli.it\/vetements-usages-de-premiere-qualite\/"},"modified":"2018-12-12T14:37:13","modified_gmt":"2018-12-12T13:37:13","slug":"vetements-usages-de-premiere-qualite","status":"publish","type":"page","link":"https:\/\/www.gemarefigli.it\/fr\/vetements-usages-de-premiere-qualite\/","title":{"rendered":"V\u00eatements usag\u00e9s de premi\u00e8re qualit\u00e9"},"content":{"rendered":"<section class=\"wpb-content-wrapper\"><p>[vc_section full_width=\u00a0\u00bbstretch_row\u00a0\u00bb css=\u00a0\u00bb.vc_custom_1540558078700{margin-bottom: -5px !important;background-image: url(https:\/\/www.gemarefigli.it\/wp-content\/uploads\/2018\/10\/indumenti-extra-e-prima-qualit\u00e0.jpg?id=467) !important;background-position: center !important;background-repeat: no-repeat !important;background-size: cover !important;}\u00a0\u00bb][vc_row full_width=\u00a0\u00bbstretch_row_content\u00a0\u00bb css=\u00a0\u00bb.vc_custom_1531476219836{margin-top: -36px !important;background-color: rgba(255,255,255,0.51) !important;*background-color: rgb(255,255,255) !important;}\u00a0\u00bb][vc_column css=\u00a0\u00bb.vc_custom_1530029188253{margin-top: -20px !important;}\u00a0\u00bb][vc_empty_space height=\u00a0\u00bb100px\u00a0\u00bb][vc_custom_heading text=\u00a0\u00bbV\u00caTEMENTS USAG\u00c9S DE PREMI\u00c8RE QUALIT\u00c9\u00a0\u00bb font_container=\u00a0\u00bbtag:h1|text_align:center\u00a0\u00bb use_theme_fonts=\u00a0\u00bbyes\u00a0\u00bb][vc_empty_space height=\u00a0\u00bb100px\u00a0\u00bb][\/vc_column][\/vc_row][\/vc_section][vc_row css=\u00a0\u00bb.vc_custom_1530029455733{margin-top: 32px !important;}\u00a0\u00bb][vc_column][vc_row_inner][vc_column_inner][vc_column_text]<\/p>\n<p style=\"text-align: center;\">La cat\u00e9gorie des v\u00eatements usag\u00e9s de premi\u00e8re qualit\u00e9 comprend tous les v\u00eatements us\u00e9s ayant un degr\u00e9 d&rsquo;usure minimal et pouvant donc trouver un emplacement appropri\u00e9 sur de nombreux march\u00e9s, pas seulement europ\u00e9ens.<br \/>\nLes v\u00eatements usag\u00e9s utilis\u00e9s subissent un tri minutieux qui est divis\u00e9 en trois phases de s\u00e9lection, ceci afin de limiter autant que possible les erreurs de la part de notre \u00e9quipe de production.<\/p>\n<p>[\/vc_column_text][\/vc_column_inner][\/vc_row_inner][\/vc_column][\/vc_row][vc_row][vc_column][vc_row_inner][vc_column_inner][vc_custom_heading text=\u00a0\u00bbDans les v\u00eatements d&rsquo;\u00e9t\u00e9 de premiere qualit\u00e9, on trouve\u00a0\u00bb font_container=\u00a0\u00bbtag:h2|text_align:center\u00a0\u00bb use_theme_fonts=\u00a0\u00bbyes\u00a0\u00bb][\/vc_column_inner][\/vc_row_inner][vc_row_inner][vc_column_inner width=\u00a0\u00bb1\/4&Prime; offset=\u00a0\u00bbvc_col-lg-offset-2&Prime;][vc_column_text]<\/p>\n<ul>\n<li>Robes de mari\u00e9e 1\u00b0<\/li>\n<li>Peignoirs 1\u00b0<\/li>\n<li>B\u00e9b\u00e9  d\u2019\u00e9t\u00e9 1\u00b0<\/li>\n<li>Blouses femme 1\u00b0<\/li>\n<li>Chemises de nuit 1\u00b0<\/li>\n<li>Chemises en jean 1\u00b0<\/li>\n<li>Chemises homme 1\u00b0<\/li>\n<li>Chapeaux feutre 1\u00b0<\/li>\n<li>Corsets 1\u00b0<\/li>\n<li>Maillot de bain 1\u00b0<\/li>\n<li>Oreillers 1\u00b0<\/li>\n<li>Coussins de jardin 1\u00b0<\/li>\n<\/ul>\n<p>[\/vc_column_text][\/vc_column_inner][vc_column_inner width=\u00a0\u00bb1\/4&Prime;][vc_column_text]<\/p>\n<ul>\n<li>Vestes d&rsquo;\u00e9t\u00e9 classiques pour femmes<\/li>\n<li>Vestes d&rsquo;\u00e9t\u00e9 modernes pour femmes<\/li>\n<li>Vestes d&rsquo;\u00e9t\u00e9 homme 1\u00b0<\/li>\n<li>Vestes en coton homme-femme 1\u00b0<\/li>\n<li>Pulls l\u00e9ger<\/li>\n<li>Pantalons capri short 1\u00b0<\/li>\n<li>Pantalons \u00e0 fleurs<\/li>\n<li>Leggins<\/li>\n<li>Pantalons homme coton 1\u00b0<\/li>\n<li>Pantalons homme jean 1\u00b0<\/li>\n<li>Polo manches longues homme-femme 1\u00b0<\/li>\n<\/ul>\n<p>[\/vc_column_text][\/vc_column_inner][vc_column_inner width=\u00a0\u00bb1\/4&Prime;][vc_column_text]<\/p>\n<ul>\n<li>Polo homme-femme 1\u00b0<\/li>\n<li>Soutien-gorge 1\u00b0<\/li>\n<li>Robes de soir\u00e9e<\/li>\n<li>Sport 1\u00b0<\/li>\n<li>Tapis 1\u00b0<\/li>\n<li>Tapisserie  1\u00b0<\/li>\n<li>Tapisserie l\u00e9g\u00e8re<\/li>\n<li>Tyrolien<\/li>\n<li>Salopette de travail 1\u00b0<\/li>\n<li>Robes de chambre 1\u00b0<\/li>\n<\/ul>\n<p>[\/vc_column_text][\/vc_column_inner][\/vc_row_inner][vc_row_inner][vc_column_inner][vc_cta h2=\u00a0\u00bbContactez-nous maintenant!\u00a0\u00bb shape=\u00a0\u00bbsquare\u00a0\u00bb style=\u00a0\u00bbflat\u00a0\u00bb color=\u00a0\u00bbturquoise\u00a0\u00bb el_width=\u00a0\u00bbmd\u00a0\u00bb add_button=\u00a0\u00bbright\u00a0\u00bb btn_title=\u00a0\u00bbCliquez ici\u00a0\u00bb btn_color=\u00a0\u00bbturquoise\u00a0\u00bb btn_link=\u00a0\u00bburl:https%3A%2F%2Fgemarefigli.it%2Fdevis-pour-vetements-uses%2F%3Flang%3Dfr|\u00a0\u00bb el_id=\u00a0\u00bbsfondo_call\u00a0\u00bb el_class=\u00a0\u00bbsfondo_call\u00a0\u00bb][\/vc_cta][\/vc_column_inner][\/vc_row_inner][\/vc_column][\/vc_row][vc_row full_width=\u00a0\u00bbstretch_row_content\u00a0\u00bb css=\u00a0\u00bb.vc_custom_1531477883055{background-image: url(https:\/\/www.gemarefigli.it\/wp-content\/uploads\/2018\/06\/GemarNewSlide_10.jpg?id=96) !important;background-position: center !important;background-repeat: no-repeat !important;background-size: cover !important;}\u00a0\u00bb][vc_column][vc_row_inner][vc_column_inner][vc_empty_space height=\u00a0\u00bb320px\u00a0\u00bb][\/vc_column_inner][\/vc_row_inner][\/vc_column][\/vc_row][vc_row full_width=\u00a0\u00bbstretch_row_content\u00a0\u00bb][vc_column][vc_row_inner][vc_column_inner][vc_custom_heading text=\u00a0\u00bbDans les v\u00eatements d\u2019hiver de premiere qualit\u00e9, on trouve\u00a0\u00bb font_container=\u00a0\u00bbtag:h2|text_align:center\u00a0\u00bb use_theme_fonts=\u00a0\u00bbyes\u00a0\u00bb][\/vc_column_inner][\/vc_row_inner][vc_row_inner][vc_column_inner width=\u00a0\u00bb1\/4&Prime; offset=\u00a0\u00bbvc_col-lg-offset-2&Prime;][vc_column_text]<\/p>\n<ul>\n<li>Robes de mari\u00e9e 1\u00b0<\/li>\n<li>Peignoirs 1\u00b0<\/li>\n<li>B\u00e9b\u00e9 d\u2019hiver 1\u00b0<\/li>\n<li>Chemises de nuit 1\u00b0<\/li>\n<li>Chemises en jean 1\u00b0<\/li>\n<li>Chemises homme 1\u00b0<\/li>\n<li>Chemises homme-femme de flanel 1\u00b0<\/li>\n<li>Chapeaux 1\u00b0<\/li>\n<li>Chapeaux et \u00e9charpes 1\u00b0<\/li>\n<li>Chapeaux de feutre 1\u00b0<\/li>\n<li>Manteaux femme 1\u00b0<\/li>\n<li>Manteaux homme 1\u00b0<\/li>\n<li>Carneval<\/li>\n<li>Ceintures 1\u00b0<\/li>\n<li>Couvertures 1\u00b0<\/li>\n<li>Corsets 1\u00b0<\/li>\n<\/ul>\n<p>[\/vc_column_text][\/vc_column_inner][vc_column_inner width=\u00a0\u00bb1\/4&Prime;][vc_column_text]<\/p>\n<ul>\n<li>Oreillers 1\u00b0<\/li>\n<li>Sweat shirt<\/li>\n<li>Foulards\u00a01\u00b0<\/li>\n<li>Veste et complet homme velvet 1\u00b0<\/li>\n<li>Vestes d&rsquo;hiver classiques pour femmes<\/li>\n<li>Vestes d&rsquo;hiver modernes pour femmes<\/li>\n<li>Vestes d\u2019hiver 1\u00b0<\/li>\n<li>Pelotes de laine<\/li>\n<li>Jupes de laine 1\u00b0<\/li>\n<li>Pulls l\u00e9ger 1\u00b0<\/li>\n<li>Pullover 1\u00b0<\/li>\n<li>Pantalons \u00e0 fleurs<\/li>\n<li>Leggins<\/li>\n<li>Pantalons homme coton 1\u00b0\u00b0<\/li>\n<li> Pantalons homme d\u2019hiver 1\u00b0 1\u00b0<\/li>\n<li> Pantalons homme jean 1\u00b0<\/li>\n<\/ul>\n<p>[\/vc_column_text][\/vc_column_inner][vc_column_inner width=\u00a0\u00bb1\/4&Prime;][vc_column_text]<\/p>\n<ul>\n<li>Pantalons homme velvet 1\u00b0<\/li>\n<li>Pyjamas d\u2019hiver 1\u00b0<\/li>\n<li>Pile 1\u00b0<\/li>\n<li>Polo manches longues homme-femme 1\u00b0<\/li>\n<li>Soutien-gorge 1\u00b0<\/li>\n<li>Robes de soir\u00e9e<\/li>\n<li>Vestes homme-femme sans manches 1\u00b0<\/li>\n<li>Sport 1\u00b0<\/li>\n<li>Tapis 1\u00b0<\/li>\n<li>Tapisserie\u00a01\u00b0<\/li>\n<li>Tyrolien<\/li>\n<li>Salopette de travail 1<\/li>\n<li>Costumes de ski<\/li>\n<li>Robes de chambre 1\u00b0<\/li>\n<\/ul>\n<p>[\/vc_column_text][\/vc_column_inner][\/vc_row_inner][vc_row_inner][vc_column_inner][vc_cta h2=\u00a0\u00bbContactez-nous maintenant!\u00a0\u00bb shape=\u00a0\u00bbsquare\u00a0\u00bb style=\u00a0\u00bbflat\u00a0\u00bb color=\u00a0\u00bbturquoise\u00a0\u00bb el_width=\u00a0\u00bbmd\u00a0\u00bb add_button=\u00a0\u00bbright\u00a0\u00bb btn_title=\u00a0\u00bbCliquez ici\u00a0\u00bb btn_color=\u00a0\u00bbturquoise\u00a0\u00bb btn_link=\u00a0\u00bburl:https%3A%2F%2Fgemarefigli.it%2Fdevis-pour-vetements-uses%2F%3Flang%3Dfr|\u00a0\u00bb el_id=\u00a0\u00bbsfondo_call\u00a0\u00bb el_class=\u00a0\u00bbsfondo_call\u00a0\u00bb][\/vc_cta][\/vc_column_inner][\/vc_row_inner][\/vc_column][\/vc_row]<\/p>\n<\/section>","protected":false},"excerpt":{"rendered":"<p>[vc_section full_width=\u00a0\u00bbstretch_row\u00a0\u00bb css=\u00a0\u00bb.vc_custom_1540558078700{margin-bottom: -5px !important;background-image: url(https:\/\/www.gemarefigli.it\/wp-content\/uploads\/2018\/10\/indumenti-extra-e-prima-qualit\u00e0.jpg?id=467) !important;background-position: center !important;background-repeat: no-repeat !important;background-size: cover !important;}\u00a0\u00bb][vc_row full_width=\u00a0\u00bbstretch_row_content\u00a0\u00bb css=\u00a0\u00bb.vc_custom_1531476219836{margin-top: -36px !important;background-color: rgba(255,255,255,0.51) !important;*background-color: rgb(255,255,255) !important;}\u00a0\u00bb][vc_column css=\u00a0\u00bb.vc_custom_1530029188253{margin-top: -20px !important;}\u00a0\u00bb][vc_empty_space height=\u00a0\u00bb100px\u00a0\u00bb][vc_custom_heading text=\u00a0\u00bbV\u00caTEMENTS<span class=\"excerpt-hellip\"> [\u2026]<\/span><\/p>\n","protected":false},"author":3,"featured_media":0,"parent":0,"menu_order":0,"comment_status":"closed","ping_status":"closed","template":"","meta":{"footnotes":""},"class_list":["post-710","page","type-page","status-publish","hentry"],"_links":{"self":[{"href":"https:\/\/www.gemarefigli.it\/fr\/wp-json\/wp\/v2\/pages\/710","targetHints":{"allow":["GET"]}}],"collection":[{"href":"https:\/\/www.gemarefigli.it\/fr\/wp-json\/wp\/v2\/pages"}],"about":[{"href":"https:\/\/www.gemarefigli.it\/fr\/wp-json\/wp\/v2\/types\/page"}],"author":[{"embeddable":true,"href":"https:\/\/www.gemarefigli.it\/fr\/wp-json\/wp\/v2\/users\/3"}],"replies":[{"embeddable":true,"href":"https:\/\/www.gemarefigli.it\/fr\/wp-json\/wp\/v2\/comments?post=710"}],"version-history":[{"count":13,"href":"https:\/\/www.gemarefigli.it\/fr\/wp-json\/wp\/v2\/pages\/710\/revisions"}],"predecessor-version":[{"id":987,"href":"https:\/\/www.gemarefigli.it\/fr\/wp-json\/wp\/v2\/pages\/710\/revisions\/987"}],"wp:attachment":[{"href":"https:\/\/www.gemarefigli.it\/fr\/wp-json\/wp\/v2\/media?parent=710"}],"curies":[{"name":"wp","href":"https:\/\/api.w.org\/{rel}","templated":true}]}}