{"id":723,"date":"2018-12-03T14:37:14","date_gmt":"2018-12-03T13:37:14","guid":{"rendered":"https:\/\/www.gemarefigli.it\/vetements-usages-seconde-qualite\/"},"modified":"2018-12-12T15:08:24","modified_gmt":"2018-12-12T14:08:24","slug":"vetements-usages-seconde-qualite","status":"publish","type":"page","link":"https:\/\/www.gemarefigli.it\/fr\/vetements-usages-seconde-qualite\/","title":{"rendered":"Vetements usag\u00e9s seconde qualit\u00e9"},"content":{"rendered":"<section class=\"wpb-content-wrapper\"><p>[vc_section full_width=\u00a0\u00bbstretch_row\u00a0\u00bb css=\u00a0\u00bb.vc_custom_1540558210006{margin-bottom: -5px !important;background-image: url(https:\/\/www.gemarefigli.it\/wp-content\/uploads\/2018\/10\/Indumensi-usati-seconda-qualit\u00e0.jpg?id=470) !important;background-position: center !important;background-repeat: no-repeat !important;background-size: cover !important;}\u00a0\u00bb][vc_row full_width=\u00a0\u00bbstretch_row_content\u00a0\u00bb css=\u00a0\u00bb.vc_custom_1539089900388{margin-top: -36px !important;background-color: rgba(188,188,188,0.66) !important;*background-color: rgb(188,188,188) !important;}\u00a0\u00bb][vc_column css=\u00a0\u00bb.vc_custom_1530029188253{margin-top: -20px !important;}\u00a0\u00bb][vc_empty_space height=\u00a0\u00bb100px\u00a0\u00bb][vc_custom_heading text=\u00a0\u00bbV\u00caTEMENTS USAG\u00c9S DE SECONDE QUALIT\u00c9\u00a0\u00bb font_container=\u00a0\u00bbtag:h1|text_align:center\u00a0\u00bb use_theme_fonts=\u00a0\u00bbyes\u00a0\u00bb][vc_empty_space height=\u00a0\u00bb100px\u00a0\u00bb][\/vc_column][\/vc_row][\/vc_section][vc_row css=\u00a0\u00bb.vc_custom_1530029455733{margin-top: 32px !important;}\u00a0\u00bb][vc_column][vc_row_inner][vc_column_inner][vc_column_text]<\/p>\n<p style=\"text-align: center;\">Les v\u00eatements de seconde main sont principalement destin\u00e9s aux <strong>march\u00e9s de l\u2019Afrique et de l\u2019Europe de l\u2019Est<\/strong>. Nous accordons une attention et un soin particuliers \u00e0 ces produits, en essayant de fournir un <strong>produit de qualit\u00e9<\/strong> \u00e0 nos clients.<br \/>\nLes <strong>v\u00eatements usag\u00e9s<\/strong> utilis\u00e9s subissent un tri minutieux qui est divis\u00e9 en trois phases de s\u00e9lection, ceci afin de l<strong>imiter autant que possible les erreurs<\/strong> de la part de notre \u00e9quipe de production<\/p>\n<p>[\/vc_column_text][\/vc_column_inner][\/vc_row_inner][\/vc_column][\/vc_row][vc_row][vc_column][vc_row_inner][vc_column_inner][vc_custom_heading text=\u00a0\u00bbDans les v\u00eatements d&rsquo;\u00e9t\u00e9 de seconde qualit\u00e9, on trouve\u00a0\u00bb font_container=\u00a0\u00bbtag:h2|text_align:center\u00a0\u00bb use_theme_fonts=\u00a0\u00bbyes\u00a0\u00bb][\/vc_column_inner][\/vc_row_inner][vc_row_inner][vc_column_inner width=\u00a0\u00bb1\/4&Prime; offset=\u00a0\u00bbvc_col-lg-offset-2&Prime;][vc_column_text]<\/p>\n<ul>\n<li>Serviettes<\/li>\n<li>B\u00e9b\u00e9 l\u00e9ger<\/li>\n<li>B\u00e9b\u00e9 l\u00e9ger B<\/li>\n<li>Chaussettes<\/li>\n<li>Blouses coton et soie<\/li>\n<li>Tablier<\/li>\n<li>Chemises de nuit d\u2019\u00e8t\u00e8<\/li>\n<li>Chemises homme<\/li>\n<li>Chemises homme B<\/li>\n<li>Chemises homme blanc<\/li>\n<li>D\u00e9bardeur<\/li>\n<li>D\u00e9bardeur blanc<\/li>\n<li>Chapeaux de coton<\/li>\n<li>Collants en nylon<\/li>\n<li>Vestes homme<\/li>\n<li>Housse de matelas<\/li>\n<li>Maillot de bain unique<\/li>\n<li>Cravates<\/li>\n<li>Mouchoirs<\/li>\n<li>Vestes homme d\u2019\u00e8t\u00e8<\/li>\n<li>Vestes de coton homme-femme<\/li>\n<li>Jupes de coton<\/li>\n<\/ul>\n<p>&nbsp;[\/vc_column_text][\/vc_column_inner][vc_column_inner width=\u00a0\u00bb1\/4&Prime;][vc_column_text]<\/p>\n<ul>\n<li>Jupes et vestes de coton<\/li>\n<li>Jupes et vestes trend<\/li>\n<li>Jupes et vestes leger<\/li>\n<li>Jupes mix<\/li>\n<li>Jupes synth\u00e9tique<\/li>\n<li>Lingerie de coton et nylon<\/li>\n<li>Pantalons capri short<\/li>\n<li>Pantalons capri short grand tailees<\/li>\n<li>Pantalons b\u00e8b\u00e8<\/li>\n<li>Pantalons femmes classiques<\/li>\n<li>Pantalons femmes modernes<\/li>\n<li>Pantalons femmes trend grand tailles<\/li>\n<li>Pantalons gar\u00e7on<\/li>\n<li>Pantalons de sport<\/li>\n<li>Pantalons homme coton<\/li>\n<li>Pantalons homme jean<\/li>\n<li>Pantalons homme coton-jean grand tailles<\/li>\n<li>Pyjamas d\u2019\u00e8t\u00e8<\/li>\n<li>Polo femme<\/li>\n<\/ul>\n<p>&nbsp;[\/vc_column_text][\/vc_column_inner][vc_column_inner width=\u00a0\u00bb1\/4&Prime;][vc_column_text]<\/p>\n<ul>\n<li>Polo homme<\/li>\n<li>Polo homme-femme modernes grand tailles<\/li>\n<li>\u00a0Soutien-gorge<\/li>\n<li>Sacs de couchage<\/li>\n<li>Sport \u00e8t\u00e8<\/li>\n<li>Tissu<\/li>\n<li>Tapis de bain<\/li>\n<li>Tappeti Persans<\/li>\n<li>Tapisserie<\/li>\n<li>Tapisserie petites pieces<\/li>\n<li>Tapisserie synth\u00e9tique<\/li>\n<li>Tend l\u00e9ger<\/li>\n<li>Nappes<\/li>\n<li>Combinaison de plong\u00e9e<\/li>\n<li>V\u00eatements femmes de coton<\/li>\n<li>V\u00eatements femmes mix<\/li>\n<li>V\u00eatements synth\u00e9tique<\/li>\n<li>Moustiquaires<\/li>\n<\/ul>\n<p>[\/vc_column_text][\/vc_column_inner][\/vc_row_inner][vc_row_inner][vc_column_inner][vc_cta h2=\u00a0\u00bbContactez-nous maintenant!\u00a0\u00bb shape=\u00a0\u00bbsquare\u00a0\u00bb style=\u00a0\u00bbflat\u00a0\u00bb color=\u00a0\u00bbturquoise\u00a0\u00bb el_width=\u00a0\u00bbmd\u00a0\u00bb add_button=\u00a0\u00bbright\u00a0\u00bb btn_title=\u00a0\u00bbCliquez ici\u00a0\u00bb btn_color=\u00a0\u00bbturquoise\u00a0\u00bb btn_link=\u00a0\u00bburl:https%3A%2F%2Fgemarefigli.it%2Fdevis-pour-vetements-uses%2F%3Flang%3Dfr|\u00a0\u00bb el_id=\u00a0\u00bbsfondo_call\u00a0\u00bb el_class=\u00a0\u00bbsfondo_call\u00a0\u00bb][\/vc_cta][\/vc_column_inner][\/vc_row_inner][\/vc_column][\/vc_row][vc_row full_width=\u00a0\u00bbstretch_row_content\u00a0\u00bb css=\u00a0\u00bb.vc_custom_1539090008912{background-image: url(https:\/\/www.gemarefigli.it\/wp-content\/uploads\/2018\/10\/dislocazione-indumenti-usati.jpg?id=430) !important;background-position: center !important;background-repeat: no-repeat !important;background-size: cover !important;}\u00a0\u00bb][vc_column][vc_row_inner][vc_column_inner][vc_empty_space height=\u00a0\u00bb320px\u00a0\u00bb][\/vc_column_inner][\/vc_row_inner][\/vc_column][\/vc_row][vc_row full_width=\u00a0\u00bbstretch_row_content\u00a0\u00bb][vc_column][vc_row_inner][vc_column_inner][vc_custom_heading text=\u00a0\u00bbDans les v\u00eatements d&rsquo;hiver de seconde qualit\u00e9, on trouve\u00a0\u00bb font_container=\u00a0\u00bbtag:h2|text_align:center\u00a0\u00bb use_theme_fonts=\u00a0\u00bbyes\u00a0\u00bb][\/vc_column_inner][\/vc_row_inner][vc_row_inner][vc_column_inner width=\u00a0\u00bb1\/4&Prime; offset=\u00a0\u00bbvc_col-lg-offset-2&Prime;][vc_column_text]<\/p>\n<ul>\n<li>Serviettes<\/li>\n<li>B\u00e9b\u00e9 moyenne et lourdes<\/li>\n<li>Collants<\/li>\n<li>Chaussettes lourd<\/li>\n<li>Tablier<\/li>\n<li>Chemises homme<\/li>\n<li>Chemises homme blanc<\/li>\n<li>Chapeaux d\u2019hiver<\/li>\n<li>Collants en nylon<\/li>\n<li>Vestes homme<\/li>\n<li>Couvertures<\/li>\n<li>Housse de matelas<\/li>\n<li>Cravates<\/li>\n<li>Daim<\/li>\n<li>Mouchoirs<\/li>\n<li>Pulls \u00e0 capuche<\/li>\n<li>Vestes b\u00e8b\u00e8<\/li>\n<li>Vestes homme-femme d\u2019hiver<\/li>\n<li>Jupes et V\u00eatements<\/li>\n<\/ul>\n<p>[\/vc_column_text][\/vc_column_inner][vc_column_inner width=\u00a0\u00bb1\/4&Prime;][vc_column_text]<\/p>\n<ul>\n<li>Jupes de laine<\/li>\n<li>Jupes mix<\/li>\n<li>Jupes synth\u00e9tique<\/li>\n<li>Gants<\/li>\n<li>Lingerie d\u2019hiver<\/li>\n<li>Lingerie de coton et nylon<\/li>\n<li>Pullover trend<\/li>\n<li>Mouton<\/li>\n<li>Pantalons b\u00e8b\u00e8<\/li>\n<li>Pantalons femmes classiques<\/li>\n<li>Pantalons femmes modernes<\/li>\n<li>Pantaloni femmes trend grand tailees<\/li>\n<li>Pantalons gar\u00e7on<\/li>\n<li>Pantalons de sport<\/li>\n<li>Pantalons homme d\u2019hiver<\/li>\n<li>Pantalons homme jeans<\/li>\n<li>Pantalons homme coton-jeans grand tailles<\/li>\n<li>Pantalons homme velvet<\/li>\n<\/ul>\n<p>[\/vc_column_text][\/vc_column_inner][vc_column_inner width=\u00a0\u00bb1\/4&Prime;][vc_column_text]<\/p>\n<ul>\n<li>Cuir<\/li>\n<li>Pile<\/li>\n<li>Soutien-gorge<\/li>\n<li>Sacs de couchage<\/li>\n<li>Sport d\u2019hiver<\/li>\n<li>Tissu<\/li>\n<li>Tapis de bain<\/li>\n<li>Tapis persans<\/li>\n<li>Tapisserie<\/li>\n<li>Tapisserie de flanel<\/li>\n<li>Tapisserie lourd<\/li>\n<li>Tapisserie petit pieces<\/li>\n<li>Tapisserie synth\u00e9tique<\/li>\n<li>Tend lourd<\/li>\n<li>Nappes<\/li>\n<li>Toison de mouton<\/li>\n<li>V\u00eatements femmes mix<\/li>\n<li>V\u00eatements femmes synth\u00e9tique<\/li>\n<li>Moustiquaires<\/li>\n<\/ul>\n<p>[\/vc_column_text][\/vc_column_inner][\/vc_row_inner][vc_row_inner][vc_column_inner][vc_cta h2=\u00a0\u00bbContactez-nous maintenant!\u00a0\u00bb shape=\u00a0\u00bbsquare\u00a0\u00bb style=\u00a0\u00bbflat\u00a0\u00bb color=\u00a0\u00bbturquoise\u00a0\u00bb el_width=\u00a0\u00bbmd\u00a0\u00bb add_button=\u00a0\u00bbright\u00a0\u00bb btn_title=\u00a0\u00bbCliquez ici\u00a0\u00bb btn_color=\u00a0\u00bbturquoise\u00a0\u00bb btn_link=\u00a0\u00bburl:https%3A%2F%2Fgemarefigli.it%2Fdevis-pour-vetements-uses%2F%3Flang%3Dfr|\u00a0\u00bb el_id=\u00a0\u00bbsfondo_call\u00a0\u00bb el_class=\u00a0\u00bbsfondo_call\u00a0\u00bb][\/vc_cta][\/vc_column_inner][\/vc_row_inner][\/vc_column][\/vc_row]<\/p>\n<\/section>","protected":false},"excerpt":{"rendered":"<p>[vc_section full_width=\u00a0\u00bbstretch_row\u00a0\u00bb css=\u00a0\u00bb.vc_custom_1540558210006{margin-bottom: -5px !important;background-image: url(https:\/\/www.gemarefigli.it\/wp-content\/uploads\/2018\/10\/Indumensi-usati-seconda-qualit\u00e0.jpg?id=470) !important;background-position: center !important;background-repeat: no-repeat !important;background-size: cover !important;}\u00a0\u00bb][vc_row full_width=\u00a0\u00bbstretch_row_content\u00a0\u00bb css=\u00a0\u00bb.vc_custom_1539089900388{margin-top: -36px !important;background-color: rgba(188,188,188,0.66) !important;*background-color: rgb(188,188,188) !important;}\u00a0\u00bb][vc_column css=\u00a0\u00bb.vc_custom_1530029188253{margin-top: -20px !important;}\u00a0\u00bb][vc_empty_space height=\u00a0\u00bb100px\u00a0\u00bb][vc_custom_heading text=\u00a0\u00bbV\u00caTEMENTS<span class=\"excerpt-hellip\"> [\u2026]<\/span><\/p>\n","protected":false},"author":3,"featured_media":0,"parent":0,"menu_order":0,"comment_status":"closed","ping_status":"closed","template":"","meta":{"footnotes":""},"class_list":["post-723","page","type-page","status-publish","hentry"],"_links":{"self":[{"href":"https:\/\/www.gemarefigli.it\/fr\/wp-json\/wp\/v2\/pages\/723","targetHints":{"allow":["GET"]}}],"collection":[{"href":"https:\/\/www.gemarefigli.it\/fr\/wp-json\/wp\/v2\/pages"}],"about":[{"href":"https:\/\/www.gemarefigli.it\/fr\/wp-json\/wp\/v2\/types\/page"}],"author":[{"embeddable":true,"href":"https:\/\/www.gemarefigli.it\/fr\/wp-json\/wp\/v2\/users\/3"}],"replies":[{"embeddable":true,"href":"https:\/\/www.gemarefigli.it\/fr\/wp-json\/wp\/v2\/comments?post=723"}],"version-history":[{"count":13,"href":"https:\/\/www.gemarefigli.it\/fr\/wp-json\/wp\/v2\/pages\/723\/revisions"}],"predecessor-version":[{"id":991,"href":"https:\/\/www.gemarefigli.it\/fr\/wp-json\/wp\/v2\/pages\/723\/revisions\/991"}],"wp:attachment":[{"href":"https:\/\/www.gemarefigli.it\/fr\/wp-json\/wp\/v2\/media?parent=723"}],"curies":[{"name":"wp","href":"https:\/\/api.w.org\/{rel}","templated":true}]}}