{"id":764,"date":"2018-12-03T15:24:41","date_gmt":"2018-12-03T14:24:41","guid":{"rendered":"https:\/\/www.gemarefigli.it\/home\/"},"modified":"2022-08-12T17:40:39","modified_gmt":"2022-08-12T15:40:39","slug":"home","status":"publish","type":"page","link":"https:\/\/www.gemarefigli.it\/fr\/","title":{"rendered":"Home"},"content":{"rendered":"<section class=\"wpb-content-wrapper\"><p>[vc_row][vc_column][rev_slider_vc alias=\u00a0\u00bbnews-gallery5&Prime;][\/vc_column][\/vc_row][vc_row css=\u00a0\u00bb.vc_custom_1535643346862{margin-top: 20px !important;margin-bottom: 20px !important;}\u00a0\u00bb][vc_column][vc_row_inner css=\u00a0\u00bb.vc_custom_1539004939103{margin-bottom: -25px !important;}\u00a0\u00bb][vc_column_inner width=\u00a0\u00bb1\/6&Prime;][\/vc_column_inner][vc_column_inner width=\u00a0\u00bb2\/3&Prime;][vc_column_text]<\/p>\n<h1 style=\"text-align: center;\">Recyclage et vente de v\u00eatements usag\u00e9s<\/h1>\n<p style=\"text-align: center;\">Gemar &amp; Figli est aujourd&rsquo;hui une entreprise importante qui exerce ses activit\u00e9s dans <strong>le commerce de gros de v\u00eatements usag\u00e9s \u00e0 Prato<\/strong> et exporte ses produits dans de nombreux pays du monde.<\/p>\n<p>[\/vc_column_text][\/vc_column_inner][vc_column_inner width=\u00a0\u00bb1\/6&Prime;][\/vc_column_inner][\/vc_row_inner][vc_row_inner][vc_column_inner width=\u00a0\u00bb1\/4&Prime;][vc_hoverbox image=\u00a0\u00bb416&Prime; primary_title=\u00a0\u00bb\u00a0\u00bb hover_title=\u00a0\u00bbV\u00eatements de qualit\u00e9 extra\u00a0\u00bb hover_btn_title=\u00a0\u00bbTrouve plus d&rsquo;info\u00a0\u00bb hover_btn_color=\u00a0\u00bbinfo\u00a0\u00bb hover_btn_align=\u00a0\u00bbcenter\u00a0\u00bb hover_add_button=\u00a0\u00bbtrue\u00a0\u00bb hover_btn_link=\u00a0\u00bburl:http%3A%2F%2Fgemarefigli.it%2Findumenti-usati-qualita-extra%2F|\u00a0\u00bb]<\/p>\n<p style=\"text-align: center;\">Par <strong>v\u00eatements d&rsquo;occasion<\/strong> de qualit\u00e9 sup\u00e9rieure, nous entendons tous les <strong>articles de la plus haute qualit\u00e9<\/strong> issus du tri des v\u00eatements usag\u00e9s.<\/p>\n<p>[\/vc_hoverbox][\/vc_column_inner][vc_column_inner width=\u00a0\u00bb1\/4&Prime;][vc_hoverbox image=\u00a0\u00bb417&Prime; primary_title=\u00a0\u00bb\u00a0\u00bb hover_title=\u00a0\u00bbV\u00eatements de premi\u00e9re qualit\u00e9 extra\u00a0\u00bb hover_btn_title=\u00a0\u00bbTrouve plus d&rsquo;info\u00a0\u00bb hover_btn_color=\u00a0\u00bbinfo\u00a0\u00bb hover_btn_align=\u00a0\u00bbcenter\u00a0\u00bb hover_add_button=\u00a0\u00bbtrue\u00a0\u00bb hover_btn_link=\u00a0\u00bburl:http%3A%2F%2Fgemarefigli.it%2Findumenti-usati-qualita-extra%2F|\u00a0\u00bb]<\/p>\n<p style=\"text-align: center;\">Les <strong>v\u00eatements usag\u00e9s de premi\u00e8re qualit\u00e9<\/strong> sont des v\u00eatements us\u00e9s ayant <strong>un degr\u00e9 d&rsquo;usure minimal<\/strong>.<\/p>\n<p>[\/vc_hoverbox][\/vc_column_inner][vc_column_inner width=\u00a0\u00bb1\/4&Prime;][vc_hoverbox image=\u00a0\u00bb418&Prime; primary_title=\u00a0\u00bb\u00a0\u00bb hover_title=\u00a0\u00bbV\u00eatements de seconde qualit\u00e9\u00a0\u00bb hover_btn_title=\u00a0\u00bbTrouve plus d&rsquo;info\u00a0\u00bb hover_btn_color=\u00a0\u00bbinfo\u00a0\u00bb hover_btn_align=\u00a0\u00bbcenter\u00a0\u00bb hover_add_button=\u00a0\u00bbtrue\u00a0\u00bb hover_btn_link=\u00a0\u00bburl:http%3A%2F%2Fgemarefigli.it%2Findumenti-usati-qualita-extra%2F|\u00a0\u00bb]<\/p>\n<p style=\"text-align: center;\">Les <strong>v\u00eatements d\u2019occasion de seconde qualit\u00e9<\/strong> sont principalement destin\u00e9s aux <strong>march\u00e9s de l\u2019Afrique et de l\u2019Europe de l\u2019Est<\/strong>.<\/p>\n<p>[\/vc_hoverbox][\/vc_column_inner][vc_column_inner width=\u00a0\u00bb1\/4&Prime;][vc_hoverbox image=\u00a0\u00bb419&Prime; primary_title=\u00a0\u00bb\u00a0\u00bb hover_title=\u00a0\u00bbChaussures et accessoires utilis\u00e9s\u00a0\u00bb hover_btn_title=\u00a0\u00bbTrouve plus d&rsquo;info\u00a0\u00bb hover_btn_color=\u00a0\u00bbinfo\u00a0\u00bb hover_btn_align=\u00a0\u00bbcenter\u00a0\u00bb hover_add_button=\u00a0\u00bbtrue\u00a0\u00bb hover_btn_link=\u00a0\u00bburl:http%3A%2F%2Fgemarefigli.it%2Findumenti-usati-qualita-extra%2F|\u00a0\u00bb]<\/p>\n<p style=\"text-align: center;\"><strong>Chaussures et accessoires us\u00e9s soigneusement s\u00e9lectionn\u00e9s<\/strong> par notre personnel. D\u00e9couvrez notre large s\u00e9lection maintenant<\/p>\n<p>[\/vc_hoverbox][\/vc_column_inner][\/vc_row_inner][\/vc_column][\/vc_row][vc_row full_width=\u00a0\u00bbstretch_row\u00a0\u00bb css=\u00a0\u00bb.vc_custom_1535643631402{margin-bottom: 20px !important;background-color: #003c58 !important;}\u00a0\u00bb][vc_column][vc_custom_heading text=\u00a0\u00bbNos chiffres dans le monde du v\u00eatement usag\u00e9\u00a0\u00bb font_container=\u00a0\u00bbtag:h2|text_align:center|color:%23ffffff\u00a0\u00bb use_theme_fonts=\u00a0\u00bbyes\u00a0\u00bb][vc_row_inner][vc_column_inner width=\u00a0\u00bb1\/3&Prime;]<div class=\"counter counter_vertical animate-math\"><div class=\"desc_wrapper\"><div class=\"number-wrapper\"><span class=\"number\" data-to=\"21\">21<\/span><span class=\"label postfix\">%<\/span><\/div><p class=\"title\">Recyclage<\/p><\/div><\/div>\n[\/vc_column_inner][vc_column_inner width=\u00a0\u00bb1\/3&Prime;]<div class=\"counter counter_vertical animate-math\"><div class=\"desc_wrapper\"><div class=\"number-wrapper\"><span class=\"number\" data-to=\"1198877\">1198877<\/span><span class=\"label postfix\">Kg<\/span><\/div><p class=\"title\">Gestionnaires g\u00e9r\u00e9s<\/p><\/div><\/div>\n[\/vc_column_inner][vc_column_inner width=\u00a0\u00bb1\/3&Prime;]<div class=\"counter counter_vertical animate-math\"><div class=\"desc_wrapper\"><div class=\"number-wrapper\"><span class=\"number\" data-to=\"2\">2<\/span><span class=\"label postfix\">%<\/span><\/div><p class=\"title\">D\u00e9chets sp\u00e9ciaux<\/p><\/div><\/div>\n[\/vc_column_inner][\/vc_row_inner][\/vc_column][\/vc_row][vc_row][vc_column][vc_row_inner equal_height=\u00a0\u00bbyes\u00a0\u00bb css=\u00a0\u00bb.vc_custom_1535644897036{padding-right: 20px !important;padding-left: 20px !important;}\u00a0\u00bb][vc_column_inner width=\u00a0\u00bb1\/2&Prime; css=\u00a0\u00bb.vc_custom_1544517269870{background-image: url(https:\/\/www.gemarefigli.it\/wp-content\/uploads\/2018\/10\/Indumensi-usati-seconda-qualit\u00e0.jpg?id=470) !important;background-position: center !important;background-repeat: no-repeat !important;background-size: cover !important;}\u00a0\u00bb][vc_empty_space height=\u00a0\u00bb320px\u00a0\u00bb][\/vc_column_inner][vc_column_inner width=\u00a0\u00bb1\/2&Prime; css=\u00a0\u00bb.vc_custom_1535644858922{background-color: #003c58 !important;}\u00a0\u00bb][vc_custom_heading text=\u00a0\u00bbProcessus de recyclage des<br \/>\nv\u00eatements usag\u00e9s\u00a0\u00bb font_container=\u00a0\u00bbtag:h2|text_align:center|color:%23ffffff\u00a0\u00bb use_theme_fonts=\u00a0\u00bbyes\u00a0\u00bb][vc_column_text]<\/p>\n<p style=\"text-align: center;\"><span style=\"color: #ffffff;\"><strong> Le processus de la logistique inverse<\/strong> dans le secteur des v\u00eatements usag\u00e9s d\u00e9bute apr\u00e8s <strong>un don spontan\u00e9 \u00e0 des organisations caritatives<\/strong>. Ces organisations vendent \u00e0 leur tour ces v\u00eatements usag\u00e9s \u00e0 des entreprises, g\u00e9n\u00e9rant ainsi des ressources financi\u00e8res qu\u2019elles utilisent pour leurs \u0153uvres sociales.<\/span><\/p>\n<p style=\"text-align: center;\"><span style=\"color: #ffffff;\"><strong>Apr\u00e8s leur don, ces v\u00eatements de seconde main<\/strong>, devenus des d\u00e9chets sp\u00e9ciaux non dangereux sont acquis par des soci\u00e9t\u00e9s qui les confient \u00e0 des transporteurs agr\u00e9\u00e9s sp\u00e9cialis\u00e9s.<\/span><\/p>\n<p>[\/vc_column_text][vc_btn title=\u00a0\u00bb<b> Trouve plus d&rsquo;info<\/b>\u00a0\u00bb color=\u00a0\u00bbinfo\u00a0\u00bb align=\u00a0\u00bbcenter\u00a0\u00bb link=\u00a0\u00bburl:http%3A%2F%2Fgemarefigli.it%2Friciclo-indumenti-usati%2F|\u00a0\u00bb][\/vc_column_inner][\/vc_row_inner][vc_row_inner css=\u00a0\u00bb.vc_custom_1660316588892{padding-top: 40px !important;}\u00a0\u00bb][vc_column_inner][vc_cta h2=\u00a0\u00bbContactez-nous maintenant pour plus d&rsquo;informations\u00a0\u00bb shape=\u00a0\u00bbsquare\u00a0\u00bb style=\u00a0\u00bbflat\u00a0\u00bb color=\u00a0\u00bbturquoise\u00a0\u00bb el_width=\u00a0\u00bbmd\u00a0\u00bb add_button=\u00a0\u00bbright\u00a0\u00bb btn_title=\u00a0\u00bbCLIQUEZ ICI\u00a0\u00bb btn_color=\u00a0\u00bbturquoise\u00a0\u00bb btn_link=\u00a0\u00bburl:https%3A%2F%2Fwww.gemarefigli.it%2Ffr%2Fcontacts%2F|title:V%C3%AAtements%20utilis%C3%A9s%20pour%20l%E2%80%99Afrique%20du%20Sud\u00a0\u00bb el_id=\u00a0\u00bbsfondo_call\u00a0\u00bb el_class=\u00a0\u00bbsfondo_call\u00a0\u00bb][\/vc_cta][\/vc_column_inner][\/vc_row_inner][\/vc_column][\/vc_row]<\/p>\n<\/section>","protected":false},"excerpt":{"rendered":"<p>[vc_row][vc_column][rev_slider_vc alias=\u00a0\u00bbnews-gallery5&Prime;][\/vc_column][\/vc_row][vc_row css=\u00a0\u00bb.vc_custom_1535643346862{margin-top: 20px !important;margin-bottom: 20px !important;}\u00a0\u00bb][vc_column][vc_row_inner css=\u00a0\u00bb.vc_custom_1539004939103{margin-bottom: -25px !important;}\u00a0\u00bb][vc_column_inner width=\u00a0\u00bb1\/6&Prime;][\/vc_column_inner][vc_column_inner width=\u00a0\u00bb2\/3&Prime;][vc_column_text] Recyclage et vente de v\u00eatements usag\u00e9s Gemar &amp; Figli est aujourd&rsquo;hui une entreprise importante<span class=\"excerpt-hellip\"> [\u2026]<\/span><\/p>\n","protected":false},"author":3,"featured_media":0,"parent":0,"menu_order":0,"comment_status":"closed","ping_status":"closed","template":"","meta":{"footnotes":""},"class_list":["post-764","page","type-page","status-publish","hentry"],"_links":{"self":[{"href":"https:\/\/www.gemarefigli.it\/fr\/wp-json\/wp\/v2\/pages\/764","targetHints":{"allow":["GET"]}}],"collection":[{"href":"https:\/\/www.gemarefigli.it\/fr\/wp-json\/wp\/v2\/pages"}],"about":[{"href":"https:\/\/www.gemarefigli.it\/fr\/wp-json\/wp\/v2\/types\/page"}],"author":[{"embeddable":true,"href":"https:\/\/www.gemarefigli.it\/fr\/wp-json\/wp\/v2\/users\/3"}],"replies":[{"embeddable":true,"href":"https:\/\/www.gemarefigli.it\/fr\/wp-json\/wp\/v2\/comments?post=764"}],"version-history":[{"count":23,"href":"https:\/\/www.gemarefigli.it\/fr\/wp-json\/wp\/v2\/pages\/764\/revisions"}],"predecessor-version":[{"id":1131,"href":"https:\/\/www.gemarefigli.it\/fr\/wp-json\/wp\/v2\/pages\/764\/revisions\/1131"}],"wp:attachment":[{"href":"https:\/\/www.gemarefigli.it\/fr\/wp-json\/wp\/v2\/media?parent=764"}],"curies":[{"name":"wp","href":"https:\/\/api.w.org\/{rel}","templated":true}]}}